{"id":940,"date":"2018-08-13T23:04:45","date_gmt":"2018-08-13T21:04:45","guid":{"rendered":"https:\/\/micromagic-rc-segeln.de\/?page_id=940"},"modified":"2021-06-22T09:04:49","modified_gmt":"2021-06-22T07:04:49","slug":"presseartikel","status":"publish","type":"page","link":"https:\/\/micromagic-rc-segeln.de\/?page_id=940","title":{"rendered":"Presseartikel"},"content":{"rendered":"<table style=\"width: 100%; border-collapse: collapse; border-style: hidden; height: 1293px;\" border=\"1\">\n<tbody>\n<tr style=\"height: 128px;\">\n<td style=\"width: 69.8631%; border-style: hidden; text-align: left; vertical-align: top; height: 128px;\"><strong>NEW MICRO MAGIC &#8211; Die Legende lebt<br \/>\n<\/strong>Artikel aus der Zeitschrift <a href=\"https:\/\/www.schiffsmodell-magazin.de\/\" target=\"_blank\" rel=\"noopener\">SchiffsModell<\/a> 6\/2021<strong><br \/>\n<\/strong><span style=\"font-size: 12px;\">Mit freundlicher Genehmigung der Redaktion Modellbau der<br \/>\nWellhausen &amp; Marquart Mediengesellschaft<\/span> <span style=\"font-size: 12px;\">d\u00fcrfen wir den Artikel hier ver\u00f6ffentlichen.<br \/>\n<\/span><\/td>\n<td style=\"width: 30.137%; border-style: hidden; text-align: left; vertical-align: top; height: 128px;\"><a href=\"https:\/\/micromagic-rc-segeln.de\/wp-content\/uploads\/2021\/06\/SchiffsModell_6-2021_Testbericht_nMM.pdf\"><img loading=\"lazy\" decoding=\"async\" class=\"alignnone size-full wp-image-3045\" src=\"https:\/\/micromagic-rc-segeln.de\/wp-content\/uploads\/2021\/06\/thumb_SchiffsModell_6-2021_Testbericht_nMM.jpg\" alt=\"\" width=\"250\" height=\"177\" \/><\/a><\/td>\n<\/tr>\n<tr>\n<td style=\"width: 69.8631%; border-style: hidden; text-align: left; vertical-align: top;\"><strong>New Micro Magic &#8211; Die R\u00fcckkehr einer Legende<br \/>\n<\/strong>Artikel aus der Zeitschrift <a href=\"https:\/\/www.vth.de\/modellwerft\" target=\"_blank\" rel=\"noopener\">ModellWerft<\/a> 5\/2021<strong><br \/>\n<\/strong><span style=\"font-size: 12px;\">Mit freundlicher Genehmigung des Verlags f\u00fcr Technik und Handwerk neue Medien d\u00fcrfen wir den Artikel hier ver\u00f6ffentlichen.<\/span><strong><br \/>\n<\/strong><\/td>\n<td style=\"width: 30.137%; border-style: hidden; text-align: left; vertical-align: top;\"><a href=\"https:\/\/micromagic-rc-segeln.de\/wp-content\/uploads\/2021\/06\/ModellWerft_05_2021_new_Micro_Magic.pdf\"><img loading=\"lazy\" decoding=\"async\" class=\"alignnone wp-image-3072\" src=\"https:\/\/micromagic-rc-segeln.de\/wp-content\/uploads\/2021\/06\/thumb_ModellWerft_05_2021_new_Micro_Magic.jpg\" alt=\"\" width=\"150\" height=\"212\" \/><\/a><\/td>\n<\/tr>\n<tr style=\"height: 232px;\">\n<td style=\"width: 69.8631%; text-align: left; vertical-align: top; height: 232px;\"><strong>MICRO MAGIC &#8211; Der aktuelle Stand der Technik<br \/>\n<\/strong>Artikel aus der Zeitschrift Schiffsmodell 4\/2011<strong><br \/>\n<\/strong><span style=\"font-size: 12px;\"><span style=\"font-size: 12px;\"><span style=\"font-size: 12px;\">Mit freundlicher Genehmigung des Neckar-Verlags\/Red. SchiffsModell<br \/>\nd\u00fcrfen wir den Artikel hier ver\u00f6ffentlichen.<br \/>\n<\/span><\/span><\/span><br \/>\n<span style=\"font-size: 12px;\"><em>Die Angabe der im Artikel enthaltenen Bezugsquellen erfolgte in bester informeller Absicht, aber ohne Gew\u00e4hr f\u00fcr die jeweiligen Shops.<\/em>\u00a0<em>Die Angabe \u201eUHU plus\u201c in Bezug aufs Deckverkleben sollte UHU acrylit hei\u00dfen.<\/em><\/span><\/td>\n<td style=\"width: 30.137%; height: 232px; border-style: hidden; text-align: left; vertical-align: top;\"><a href=\"https:\/\/micromagic-rc-segeln.de\/wp-content\/uploads\/2018\/08\/SM-MM-Der-aktuelle-Stand-der-Technik.pdf\"><img loading=\"lazy\" decoding=\"async\" class=\"alignnone wp-image-952\" src=\"https:\/\/micromagic-rc-segeln.de\/wp-content\/uploads\/2018\/08\/thumb_SM-MM-Der-aktuelle-Stand-der-Technik-212x300.jpg\" alt=\"\" width=\"150\" height=\"212\" srcset=\"https:\/\/micromagic-rc-segeln.de\/wp-content\/uploads\/2018\/08\/thumb_SM-MM-Der-aktuelle-Stand-der-Technik-212x300.jpg 212w, https:\/\/micromagic-rc-segeln.de\/wp-content\/uploads\/2018\/08\/thumb_SM-MM-Der-aktuelle-Stand-der-Technik.jpg 250w\" sizes=\"auto, (max-width: 150px) 100vw, 150px\" \/><\/a><\/td>\n<\/tr>\n<tr style=\"height: 111px;\">\n<td style=\"width: 69.8631%; border-style: hidden; text-align: left; vertical-align: top; height: 111px;\"><strong>KLEINE ZICKEN &#8211; MICRO MAGIC &#8211; Ein Selbsttest<br \/>\n<\/strong>Artikel aus der Zeitschrift SAILING JOURNAL, Ausg. 43<br \/>\n<span style=\"font-size: 12px;\">Die PDF wurde freundlicherweise von Matthias M\u00fccheberg,<br \/>\nRedaktion SAILING JOURNAL, zur Verf\u00fcgung gestellt.<br \/>\n<\/span><\/td>\n<td style=\"width: 30.137%; height: 111px; border-style: hidden; text-align: left; vertical-align: top;\"><a href=\"https:\/\/micromagic-rc-segeln.de\/wp-content\/uploads\/2018\/08\/sj_43_micro_magic.pdf\"><img loading=\"lazy\" decoding=\"async\" class=\"alignnone wp-image-956\" src=\"https:\/\/micromagic-rc-segeln.de\/wp-content\/uploads\/2018\/08\/thumb_sj_43_micro_magic.jpg\" alt=\"\" width=\"150\" height=\"91\" \/><\/a><\/td>\n<\/tr>\n<tr style=\"height: 232px;\">\n<td style=\"width: 69.8631%; text-align: left; vertical-align: top; height: 232px;\"><strong>Grauper racing MICRO MAGIC Carbon Edition<br \/>\n<\/strong>Artikel aus der Zeitschrift Schiffsmodell 10\/2009<br \/>\n<span style=\"font-size: 12px;\">Mit freundlicher Genehmigung des Neckar-Verlags\/Red. SchiffsModell<br \/>\nd\u00fcrfen wir den Artikel hier ver\u00f6ffentlichen.<br \/>\n<\/span><\/td>\n<td style=\"width: 30.137%; height: 232px; border-style: hidden; text-align: left; vertical-align: top;\"><a href=\"https:\/\/micromagic-rc-segeln.de\/wp-content\/uploads\/2018\/08\/testbericht-sm-rmm-ce.pdf\"><img loading=\"lazy\" decoding=\"async\" class=\"alignnone wp-image-949\" src=\"https:\/\/micromagic-rc-segeln.de\/wp-content\/uploads\/2018\/08\/thumb_testbericht-sm-rmm-ce-212x300.jpg\" alt=\"\" width=\"150\" height=\"212\" srcset=\"https:\/\/micromagic-rc-segeln.de\/wp-content\/uploads\/2018\/08\/thumb_testbericht-sm-rmm-ce-212x300.jpg 212w, https:\/\/micromagic-rc-segeln.de\/wp-content\/uploads\/2018\/08\/thumb_testbericht-sm-rmm-ce.jpg 250w\" sizes=\"auto, (max-width: 150px) 100vw, 150px\" \/><\/a><\/td>\n<\/tr>\n<tr style=\"height: 232px;\">\n<td style=\"width: 69.8631%; height: 232px; border-style: hidden; text-align: left; vertical-align: top;\"><strong>Der schwimmende Flohzirkus<\/strong><br \/>\nArtikel aus der Zeitschrift Schiffsmodell 3\/2009<br \/>\n<span style=\"font-size: 12px;\">Mit freundlicher Genehmigung des Neckar-Verlags\/Red. SchiffsModell<br \/>\nd\u00fcrfen wir den Artikel hier ver\u00f6ffentlichen.<br \/>\n<\/span><\/td>\n<td style=\"width: 30.137%; height: 232px; border-style: hidden; text-align: left; vertical-align: top;\"><a href=\"https:\/\/micromagic-rc-segeln.de\/wp-content\/uploads\/2018\/08\/flohzirkus.pdf\"><img loading=\"lazy\" decoding=\"async\" class=\"alignnone wp-image-948\" src=\"https:\/\/micromagic-rc-segeln.de\/wp-content\/uploads\/2018\/08\/thumb_flohzirkus-212x300.jpg\" alt=\"\" width=\"150\" height=\"212\" srcset=\"https:\/\/micromagic-rc-segeln.de\/wp-content\/uploads\/2018\/08\/thumb_flohzirkus-212x300.jpg 212w, https:\/\/micromagic-rc-segeln.de\/wp-content\/uploads\/2018\/08\/thumb_flohzirkus.jpg 250w\" sizes=\"auto, (max-width: 150px) 100vw, 150px\" \/><\/a><\/td>\n<\/tr>\n<tr style=\"height: 126px;\">\n<td style=\"width: 69.8631%; height: 126px; border-style: hidden; text-align: left; vertical-align: top;\"><strong>Graupner racing MICRO MAGIC<\/strong><br \/>\nArtikel aus der Zeitschrift Schiffsmodell 4\/2007<br \/>\n<span style=\"font-size: 12px;\">Mit freundlicher Genehmigung des Neckar-Verlags\/Red. SchiffsModell<br \/>\nd\u00fcrfen wir den Artikel hier ver\u00f6ffentlichen.<br \/>\n<\/span><\/td>\n<td style=\"width: 30.137%; height: 126px; border-style: hidden; text-align: left; vertical-align: top;\"><a href=\"https:\/\/micromagic-rc-segeln.de\/wp-content\/uploads\/2018\/08\/sm-rmm-jb.pdf\"><img loading=\"lazy\" decoding=\"async\" class=\"alignnone wp-image-941\" src=\"https:\/\/micromagic-rc-segeln.de\/wp-content\/uploads\/2018\/08\/thumb_sm-rmm-jb.jpg\" alt=\"\" width=\"150\" height=\"106\" \/><\/a><\/td>\n<\/tr>\n<tr style=\"height: 232px;\">\n<td style=\"width: 69.8631%; height: 232px; border-style: hidden; text-align: left; vertical-align: top;\"><strong>Graupner MICRO MAGIC<br \/>\n<\/strong>Artikel aus der Zeitschrift Schiffsmodell 8\/2000<br \/>\n<span style=\"font-size: 12px;\">Mit freundlicher Genehmigung des Neckar-Verlags\/Red. SchiffsModell<br \/>\nd\u00fcrfen wir den Artikel hier ver\u00f6ffentlichen.<br \/>\n<\/span><\/td>\n<td style=\"width: 30.137%; height: 232px; border-style: hidden; text-align: left; vertical-align: top;\"><a href=\"https:\/\/micromagic-rc-segeln.de\/wp-content\/uploads\/2018\/08\/schiffsmodelltest-schiffsmodell-08-2000.pdf\"><img loading=\"lazy\" decoding=\"async\" class=\"alignnone wp-image-953\" src=\"https:\/\/micromagic-rc-segeln.de\/wp-content\/uploads\/2018\/08\/thumb_schiffsmodelltest-schiffsmodell-08-2000-212x300.jpg\" alt=\"\" width=\"150\" height=\"212\" srcset=\"https:\/\/micromagic-rc-segeln.de\/wp-content\/uploads\/2018\/08\/thumb_schiffsmodelltest-schiffsmodell-08-2000-212x300.jpg 212w, https:\/\/micromagic-rc-segeln.de\/wp-content\/uploads\/2018\/08\/thumb_schiffsmodelltest-schiffsmodell-08-2000.jpg 250w\" sizes=\"auto, (max-width: 150px) 100vw, 150px\" \/><\/a><\/td>\n<\/tr>\n<\/tbody>\n<\/table>\n<p>Internationale Presseartikel:<\/p>\n<table style=\"border-collapse: collapse; width: 100%;\" border=\"1\">\n<tbody>\n<tr>\n<td style=\"width: 70.7192%; border-style: hidden; text-align: left; vertical-align: top;\"><strong>SAILFREE &#8211; Chris Jackson traces the development<br \/>\nof the GRAUPNER MICRO MAGIC<\/strong><br \/>\nArtikel aus dem englischen Magazin Marine Modelling International 2\/2012<strong><br \/>\n<\/strong><span style=\"font-size: 12px;\">Mit freundlicher Genehmigung des Verlags Traplet Publication<br \/>\n<\/span><span style=\"font-size: 12px;\">d\u00fcrfen wir den Artikel hier ver\u00f6ffentlichen.<\/span><\/td>\n<td style=\"width: 29.2808%; border-style: hidden; text-align: left; vertical-align: top;\"><a href=\"https:\/\/micromagic-rc-segeln.de\/wp-content\/uploads\/2018\/08\/MM-report-MMISailFree2012.pdf\"><img loading=\"lazy\" decoding=\"async\" class=\"alignnone wp-image-1045\" src=\"https:\/\/micromagic-rc-segeln.de\/wp-content\/uploads\/2018\/08\/thumb_MM-report-MMISailFree2012-212x300.jpg\" alt=\"\" width=\"175\" height=\"247\" srcset=\"https:\/\/micromagic-rc-segeln.de\/wp-content\/uploads\/2018\/08\/thumb_MM-report-MMISailFree2012-212x300.jpg 212w, https:\/\/micromagic-rc-segeln.de\/wp-content\/uploads\/2018\/08\/thumb_MM-report-MMISailFree2012.jpg 250w\" sizes=\"auto, (max-width: 175px) 100vw, 175px\" \/><\/a><\/td>\n<\/tr>\n<tr>\n<td style=\"width: 70.7192%; border-style: hidden; text-align: left; vertical-align: top;\"><strong>MICRO MAGIC RACING<br \/>\n<\/strong>Artikel aus dem englischen Magazin Marine Modelling International 9\/2007<br \/>\n<span style=\"font-size: 12px;\">Mit freundlicher Genehmigung des Verlags Traplet Publication<br \/>\nd\u00fcrfen wir den Artikel hier ver\u00f6ffentlichen.<br \/>\n<\/span><\/td>\n<td style=\"width: 29.2808%; border-style: hidden; text-align: left; vertical-align: top;\"><a href=\"https:\/\/micromagic-rc-segeln.de\/wp-content\/uploads\/2018\/08\/MMI-rMM-testarticle-09-2007.pdf\"><img loading=\"lazy\" decoding=\"async\" class=\"alignnone wp-image-966\" src=\"https:\/\/micromagic-rc-segeln.de\/wp-content\/uploads\/2018\/08\/thumb_D8MLts-MMI-rMM-testarticle-09-2007-212x300.jpg\" alt=\"\" width=\"150\" height=\"212\" srcset=\"https:\/\/micromagic-rc-segeln.de\/wp-content\/uploads\/2018\/08\/thumb_D8MLts-MMI-rMM-testarticle-09-2007-212x300.jpg 212w, https:\/\/micromagic-rc-segeln.de\/wp-content\/uploads\/2018\/08\/thumb_D8MLts-MMI-rMM-testarticle-09-2007.jpg 250w\" sizes=\"auto, (max-width: 150px) 100vw, 150px\" \/><\/a><\/td>\n<\/tr>\n<\/tbody>\n<\/table>\n","protected":false},"excerpt":{"rendered":"<p>NEW MICRO MAGIC &#8211; Die Legende lebt Artikel aus der Zeitschrift SchiffsModell 6\/2021 Mit freundlicher Genehmigung der Redaktion Modellbau der Wellhausen &amp; Marquart Mediengesellschaft d\u00fcrfen wir den Artikel hier ver\u00f6ffentlichen. New Micro Magic &#8211; Die R\u00fcckkehr einer Legende Artikel aus &hellip; <a href=\"https:\/\/micromagic-rc-segeln.de\/?page_id=940\">Weiterlesen <span class=\"meta-nav\">&rarr;<\/span><\/a><\/p>\n","protected":false},"author":4,"featured_media":0,"parent":0,"menu_order":0,"comment_status":"closed","ping_status":"closed","template":"","meta":{"footnotes":""},"class_list":["post-940","page","type-page","status-publish","hentry"],"_links":{"self":[{"href":"https:\/\/micromagic-rc-segeln.de\/index.php?rest_route=\/wp\/v2\/pages\/940","targetHints":{"allow":["GET"]}}],"collection":[{"href":"https:\/\/micromagic-rc-segeln.de\/index.php?rest_route=\/wp\/v2\/pages"}],"about":[{"href":"https:\/\/micromagic-rc-segeln.de\/index.php?rest_route=\/wp\/v2\/types\/page"}],"author":[{"embeddable":true,"href":"https:\/\/micromagic-rc-segeln.de\/index.php?rest_route=\/wp\/v2\/users\/4"}],"replies":[{"embeddable":true,"href":"https:\/\/micromagic-rc-segeln.de\/index.php?rest_route=%2Fwp%2Fv2%2Fcomments&post=940"}],"version-history":[{"count":29,"href":"https:\/\/micromagic-rc-segeln.de\/index.php?rest_route=\/wp\/v2\/pages\/940\/revisions"}],"predecessor-version":[{"id":3079,"href":"https:\/\/micromagic-rc-segeln.de\/index.php?rest_route=\/wp\/v2\/pages\/940\/revisions\/3079"}],"wp:attachment":[{"href":"https:\/\/micromagic-rc-segeln.de\/index.php?rest_route=%2Fwp%2Fv2%2Fmedia&parent=940"}],"curies":[{"name":"wp","href":"https:\/\/api.w.org\/{rel}","templated":true}]}}