{"id":59,"date":"2016-08-07T16:54:26","date_gmt":"2016-08-07T14:54:26","guid":{"rendered":"http:\/\/micro-magic.de\/?page_id=59"},"modified":"2021-04-04T14:51:25","modified_gmt":"2021-04-04T12:51:25","slug":"das-boot","status":"publish","type":"page","link":"https:\/\/micromagic-rc-segeln.de\/?page_id=59","title":{"rendered":"Versionsgeschichte"},"content":{"rendered":"<p>Die Micro Magic, kurz MM, wurde Anfang 1998 vorgestellt und bis 2019 von der Firma Graupner, sp\u00e4ter von Graupner\/SJ produziert und vertrieben.<br \/>\nNach der Insolvenz von Graupner\/SJ wurde das Modell durch die tschechische Firma <a href=\"https:\/\/hacker-model.com\/shop\/\" target=\"_blank\" rel=\"noopener\">Hacker Model Production a. s.<\/a> als New Micro Magic, kurz nMM, neu aufgelegt.<\/p>\n<p>Ab 2001 entstanden auch im Ausland zahlreiche Interessengemeinschaften rund um die Micro Magic. Weitere Informationen dazu findet ihr unter <a href=\"https:\/\/micromagic-rc-segeln.de\/?page_id=422\">Micro Magic International<\/a>.<\/p>\n<p>Obwohl die Micro Magic ab 1997 v\u00f6llig klassenlos als einfaches Freizeitspielzeug konzipiert wurde, ist sie doch mit Blick auf gute Segeleigenschaften konstruiert worden und zeigt einige typische Konstruktionsdetails von gr\u00f6\u00dferen Wettbewerbsbooten.<br \/>\nDie Versionen der racing Micro Magic beinhalten Detail\u00e4nderungen und Modernisierungen, die sich aus den Regattaeins\u00e4tzen mit dem Boot in den Jahren ergeben hatten.<\/p>\n<p>Die Grundkonstruktion ist dabei jedoch nicht ver\u00e4ndert worden. Alle das Boot bestimmenden Kernabmessungen wie Segelumriss, Tiefgang, grunds\u00e4tzliche Rumpfform, etc. wurden beibehalten,so dass alle Versionen der Micro Magic grunds\u00e4tzlich chancengleich am Regattageschehen teilnehmen k\u00f6nnen.<\/p>\n<p><img loading=\"lazy\" decoding=\"async\" class=\"alignleft wp-image-2839\" src=\"https:\/\/micromagic-rc-segeln.de\/wp-content\/uploads\/2021\/03\/cMM_Graupner_Produktfoto_01-213x300.jpg\" alt=\"\" width=\"192\" height=\"270\" srcset=\"https:\/\/micromagic-rc-segeln.de\/wp-content\/uploads\/2021\/03\/cMM_Graupner_Produktfoto_01-213x300.jpg 213w, https:\/\/micromagic-rc-segeln.de\/wp-content\/uploads\/2021\/03\/cMM_Graupner_Produktfoto_01.jpg 401w\" sizes=\"auto, (max-width: 192px) 100vw, 192px\" \/><\/p>\n<p>Die erste Bootsversion mit der Best.-Nr. 2114 wird heute als Classic Micro Magic, kurz cMM, bezeichnet und wurde bis 2011 von Graupner produziert.<br \/>\nDas Modell war mit unterschiedlich farbigen Segeln in rot, gelb und blau erh\u00e4ltlich. Optional gab es auch einen wei\u00dfen Segelsatz. Das Rigg besteht aus Alurohren. Im Gegensatz zu den sp\u00e4teren Racing Versionen der Micro Magic hatte das Rigg neben den Salingen auch Ober- und Unterwanten. Die Steuerung der Segel und des Ruders erfolgte jeweils \u00fcber einen Standardservo.<\/p>\n<p>&nbsp;<\/p>\n<p><img loading=\"lazy\" decoding=\"async\" class=\"size-medium wp-image-2865 alignleft\" src=\"https:\/\/micromagic-rc-segeln.de\/wp-content\/uploads\/2021\/03\/rMM_V1_Grauper_Produktfoto_01-192x300.jpg\" alt=\"\" width=\"192\" height=\"300\" srcset=\"https:\/\/micromagic-rc-segeln.de\/wp-content\/uploads\/2021\/03\/rMM_V1_Grauper_Produktfoto_01-192x300.jpg 192w, https:\/\/micromagic-rc-segeln.de\/wp-content\/uploads\/2021\/03\/rMM_V1_Grauper_Produktfoto_01.jpg 293w\" sizes=\"auto, (max-width: 192px) 100vw, 192px\" \/>2006 brachte Graupner, basierend auf dem Erfolg der cMM, mit der racing Micro Magic, kurz rMM, eine zweite, in einigen Punkten f\u00fcr den Regattaeinsatz verbesserte Variante auf den Markt. Neben einer ge\u00e4nderten Rumpfform, mit steilerem Steven, hat das Modell nun eine ge\u00e4nderte Kielflosse und ein schlankeres, daf\u00fcr l\u00e4ngeres Ruder. Die Form des Ballastgewichts wurde ebenfalls angepasst. Dieses ist nun deutlich schlanker. Das Rigg besteht nun vollst\u00e4ndig aus CFK-Rohren und hat im Vergleich zur cMM nun verschiebbare Anschlagspunkte f\u00fcr die Segel, um diese besser trimmen zu k\u00f6nnen. Auch die RC-Anlage und die Schotf\u00fchrung wurden optimiert. F\u00fcr die Verstellung des Ruders kommt nun ein Mini-Servo zum Einsatz.<\/p>\n<p><img loading=\"lazy\" decoding=\"async\" class=\"wp-image-2867 alignleft\" src=\"https:\/\/micromagic-rc-segeln.de\/wp-content\/uploads\/2021\/03\/rMM_CE_V1_Graupner_Produktfoto_01-218x300.jpg\" alt=\"\" width=\"192\" height=\"264\" srcset=\"https:\/\/micromagic-rc-segeln.de\/wp-content\/uploads\/2021\/03\/rMM_CE_V1_Graupner_Produktfoto_01-218x300.jpg 218w, https:\/\/micromagic-rc-segeln.de\/wp-content\/uploads\/2021\/03\/rMM_CE_V1_Graupner_Produktfoto_01-743x1024.jpg 743w, https:\/\/micromagic-rc-segeln.de\/wp-content\/uploads\/2021\/03\/rMM_CE_V1_Graupner_Produktfoto_01-768x1058.jpg 768w, https:\/\/micromagic-rc-segeln.de\/wp-content\/uploads\/2021\/03\/rMM_CE_V1_Graupner_Produktfoto_01.jpg 800w\" sizes=\"auto, (max-width: 192px) 100vw, 192px\" \/>Ab 2011 wurden dann drei Versionen der Micro Magic von Graupner angeboten. Die racing Micro Magic (rMM) als Bausatz, Best.-Nr. 2014, die racing Micro Magic Carbon Edition (rMM ce) als Bausatz Best.-Nr. 2014.c und die racing Micro Magic als Fertigboot mit 40 MHz Fernsteuerung (RTR), Best.-Nr. 2014.200. Daf\u00fcr wurde die Classic Micro Magic aus dem Programm genommen. Die Carbon Edition hatte einen Rumpf aus Carbon Imitat und wurde mit orangenen Segeln ausgeliefert. Ansonsten entsprach das Modell technisch der bereits bekannten racing Micro Magic. Aufgrund des etwas dickeren Materials war das Modell allerdings ca. 50-60g schwerer.<\/p>\n<p>Die o. a. Graupner Produktfotos zeigen die Classic Micro Magic, die racing Micro Magic und die racing Micro Magic in der Carbon Edition.<\/p>\n<p>Nach der ersten Insolvenz von Graupner wurde die Produktion und der Vertrieb des Modells Ende 2014 durch Graupner\/SJ wieder aufgenommen.<\/p>\n<p><img loading=\"lazy\" decoding=\"async\" class=\"wp-image-2888 alignleft\" src=\"https:\/\/micromagic-rc-segeln.de\/wp-content\/uploads\/2021\/03\/2014_V2_HoTT-225x300.jpg\" alt=\"\" width=\"192\" height=\"256\" srcset=\"https:\/\/micromagic-rc-segeln.de\/wp-content\/uploads\/2021\/03\/2014_V2_HoTT-225x300.jpg 225w, https:\/\/micromagic-rc-segeln.de\/wp-content\/uploads\/2021\/03\/2014_V2_HoTT.jpg 600w\" sizes=\"auto, (max-width: 192px) 100vw, 192px\" \/>Es stand nun ein \u00fcberarbeitetes Fertigboot racing Micro Magic Ready for Hott (RFH), Best.-Nr. 2014.HoTT zur Verf\u00fcgung. Im Gegensatz zur zuvor erh\u00e4ltlichen RTR-Version war nun nur noch ein 2,4GHz-Empf\u00e4nger enthalten, der mit den aktuellen Graupner-Fernsteuerungen kompatibel war. Daneben wurde auch wieder ein racing Micro Magic Bausatz (rMM Kit), Best.-Nr. 2014.V2. sowie eine Carbon Edition, Best-Nr. 2014.CV2, angeboten. Das Sortiment wurde durch einen Teilesatz zum Aufbau eines Rumpfes der racing Micro Magic, Best.-Nr. 2014.1 und weitere zahlreiche Zubeh\u00f6rteile abgerundet.<\/p>\n<p>Das Graupner Produktfoto zeigt die RFH-Version der racing Micro Magic.<\/p>\n<p>Bedingt durch eine erneute Insolvenz von Graupner\/SJ in Kirchheim\/Teck Ende 2019 und die Fokussierung des Mutterkonzerns SJ auf das Fernsteuerungssegment wurde die Produktion der Micro Magic eingestellt.<\/p>\n<p>Bereits Ende 2020 wurde das Modell als New Micro Magic, kurz nMM, auf Basis der racing Micro Magic durch die <a href=\"https:\/\/www.hacker-model.com\/shop\/Index.aspx\" target=\"_blank\" rel=\"noopener\">Hacker Model Production a. s.<\/a> in Tschechien neu aufgelegt.<\/p>\n<p><img loading=\"lazy\" decoding=\"async\" class=\"size-medium wp-image-2892 alignleft\" src=\"https:\/\/micromagic-rc-segeln.de\/wp-content\/uploads\/2021\/03\/nMM-225x300.jpg\" alt=\"\" width=\"225\" height=\"300\" srcset=\"https:\/\/micromagic-rc-segeln.de\/wp-content\/uploads\/2021\/03\/nMM-225x300.jpg 225w, https:\/\/micromagic-rc-segeln.de\/wp-content\/uploads\/2021\/03\/nMM.jpg 600w\" sizes=\"auto, (max-width: 225px) 100vw, 225px\" \/><\/p>\n<p>Heute werden neben 2 Rumpf-Teiles\u00e4tzen (Best.-Nr. HCB2550x10 bzw. HCB2550x11) mit unterschiedlichem Baufortschritt, der Baukasten der New Micro Magic (Best.-Nr. HCB2550K),\u00a0 eine ARTR-Version (Best.-Nr. HCB2550A) mit bereits verklebtem Rumpf und eine ARTR+-Version (Best.-Nr. HCB2550A+) inklusive Servos wieder angeboten. Beide ARTR-Versionen sind mit geringem Aufwand auch f\u00fcr nicht versierte Modellbauer fertigzustellen. Mit allen Varianten erh\u00e4lt der K\u00e4ufer ein bereits ab Werk konkurrenzf\u00e4higes Boot. Auch zahlreiche Zubeh\u00f6r- und Ersatzteile sind wieder im Programm, so dass die Modellpalette wieder vollst\u00e4ndig am Markt verf\u00fcgbar ist.<\/p>\n<p>Das Hacker Produktfoto zeigt die aktuelle Version der New Micro Magic.<\/p>\n<p><span style=\"font-size: 12px;\">Stand: M\u00e4rz 2021<\/span><\/p>\n","protected":false},"excerpt":{"rendered":"<p>Die Micro Magic, kurz MM, wurde Anfang 1998 vorgestellt und bis 2019 von der Firma Graupner, sp\u00e4ter von Graupner\/SJ produziert und vertrieben. Nach der Insolvenz von Graupner\/SJ wurde das Modell durch die tschechische Firma Hacker Model Production a. s. als &hellip; <a href=\"https:\/\/micromagic-rc-segeln.de\/?page_id=59\">Weiterlesen <span class=\"meta-nav\">&rarr;<\/span><\/a><\/p>\n","protected":false},"author":1,"featured_media":0,"parent":0,"menu_order":2,"comment_status":"closed","ping_status":"closed","template":"","meta":{"footnotes":""},"class_list":["post-59","page","type-page","status-publish","hentry"],"_links":{"self":[{"href":"https:\/\/micromagic-rc-segeln.de\/index.php?rest_route=\/wp\/v2\/pages\/59","targetHints":{"allow":["GET"]}}],"collection":[{"href":"https:\/\/micromagic-rc-segeln.de\/index.php?rest_route=\/wp\/v2\/pages"}],"about":[{"href":"https:\/\/micromagic-rc-segeln.de\/index.php?rest_route=\/wp\/v2\/types\/page"}],"author":[{"embeddable":true,"href":"https:\/\/micromagic-rc-segeln.de\/index.php?rest_route=\/wp\/v2\/users\/1"}],"replies":[{"embeddable":true,"href":"https:\/\/micromagic-rc-segeln.de\/index.php?rest_route=%2Fwp%2Fv2%2Fcomments&post=59"}],"version-history":[{"count":54,"href":"https:\/\/micromagic-rc-segeln.de\/index.php?rest_route=\/wp\/v2\/pages\/59\/revisions"}],"predecessor-version":[{"id":2945,"href":"https:\/\/micromagic-rc-segeln.de\/index.php?rest_route=\/wp\/v2\/pages\/59\/revisions\/2945"}],"wp:attachment":[{"href":"https:\/\/micromagic-rc-segeln.de\/index.php?rest_route=%2Fwp%2Fv2%2Fmedia&parent=59"}],"curies":[{"name":"wp","href":"https:\/\/api.w.org\/{rel}","templated":true}]}}