{"id":55,"date":"2016-08-07T16:52:47","date_gmt":"2016-08-07T14:52:47","guid":{"rendered":"http:\/\/micro-magic.de\/?page_id=55"},"modified":"2022-06-26T13:59:31","modified_gmt":"2022-06-26T11:59:31","slug":"die-idee","status":"publish","type":"page","link":"https:\/\/micromagic-rc-segeln.de\/?page_id=55","title":{"rendered":"\u00dcber uns"},"content":{"rendered":"<p>Die Micro Magic ist ein kleines ferngesteuertes Segelboot. Es bietet sehr viel Segelspa\u00df bei \u00fcberschaubarem Bau- und Erhaltungsaufwand.<\/p>\n<p>Das Boot ist konstruktiv einem Regattaboot nachempfunden, mit nur knapp 53 cm Bootsl\u00e4nge sehr handlich, relativ g\u00fcnstig in der Anschaffung und einfach im Aufbau.<br \/>\nEs wird als ARTR-Version, Bausatz und Teilesatz von der <a href=\"https:\/\/www.hacker-model.com\/shop\/Index.aspx\" target=\"_blank\" rel=\"noopener\">Hacker Model Production a. s.<\/a> hergestellt und \u00fcber das Internet und im Modellbaufachhandel angeboten.<\/p>\n<p>Um dieses Boot herum hat sich \u00fcber viele Jahre eine Szene von RC-Seglern gebildet.<\/p>\n<p>Der Webauftritt und das Forum bieten Informationen zu allen Fragen rund um das Boot und die Aktivit\u00e4ten der Klasse.<\/p>\n<p>Micro Magic Deutschland ist eine Interessengemeinschaft &#8211; unsere Form einer lockeren, unabh\u00e4ngigen Klassenvereinigung. Sie l\u00e4uft auf privater Basis und wird durch ehrenamtliche Mitarbeit verwaltet. Wir sind weder Verein noch geh\u00f6ren wir einer Klassenvereinigung an, und es gibt bewusst keine besonderen Regeln f\u00fcr die Funktion der Interessengemeinschaft. Jeder, der m\u00f6chte, kann sich hier einbringen, sei es durch das Ausrichten einer Regatta oder als Ansprechpartner f\u00fcr ein Segelrevier.<\/p>\n<p>Die Bootsregeln 2021 legen Vorgaben f\u00fcr den Bau der Micro Magic fest, die auf Regatten eingesetzt werden sollen. Eine Micro Magic Regatta sollte nach den Segelregeln 2012 durchgef\u00fchrt werden &#8211; das liegt grunds\u00e4tzlich aber in der Entscheidung der Ausrichter.<\/p>\n<p><img decoding=\"async\" src=\"https:\/\/micromagic-rc-segeln.de\/wp-content\/uploads\/2019\/07\/dscf7525_20190329_1063815075.jpg\" alt=\"\" \/><\/p>\n<p>F\u00fcr internationale Veranstaltungen und zur Koordination der Aktivit\u00e4ten auf dieser Ebene gibt es einen internationalen Zusammenschluss, die Micro Magic International.<\/p>\n<p>Mitsegeln und Mitmachen kostet bei uns nichts, wir haben keine finanziellen Interessen.<\/p>\n<p>Wir freuen uns \u00fcber jeden, der sich f\u00fcr die Micro Magic interessiert und mit uns zusammen segeln m\u00f6chte!<\/p>\n<p><span style=\"font-size: 12px;\">Stand: Juni 2022<br \/>\n<\/span><\/p>\n","protected":false},"excerpt":{"rendered":"<p>Die Micro Magic ist ein kleines ferngesteuertes Segelboot. Es bietet sehr viel Segelspa\u00df bei \u00fcberschaubarem Bau- und Erhaltungsaufwand. Das Boot ist konstruktiv einem Regattaboot nachempfunden, mit nur knapp 53 cm Bootsl\u00e4nge sehr handlich, relativ g\u00fcnstig in der Anschaffung und einfach &hellip; <a href=\"https:\/\/micromagic-rc-segeln.de\/?page_id=55\">Weiterlesen <span class=\"meta-nav\">&rarr;<\/span><\/a><\/p>\n","protected":false},"author":1,"featured_media":0,"parent":0,"menu_order":1,"comment_status":"closed","ping_status":"closed","template":"","meta":{"footnotes":""},"class_list":["post-55","page","type-page","status-publish","hentry"],"_links":{"self":[{"href":"https:\/\/micromagic-rc-segeln.de\/index.php?rest_route=\/wp\/v2\/pages\/55","targetHints":{"allow":["GET"]}}],"collection":[{"href":"https:\/\/micromagic-rc-segeln.de\/index.php?rest_route=\/wp\/v2\/pages"}],"about":[{"href":"https:\/\/micromagic-rc-segeln.de\/index.php?rest_route=\/wp\/v2\/types\/page"}],"author":[{"embeddable":true,"href":"https:\/\/micromagic-rc-segeln.de\/index.php?rest_route=\/wp\/v2\/users\/1"}],"replies":[{"embeddable":true,"href":"https:\/\/micromagic-rc-segeln.de\/index.php?rest_route=%2Fwp%2Fv2%2Fcomments&post=55"}],"version-history":[{"count":37,"href":"https:\/\/micromagic-rc-segeln.de\/index.php?rest_route=\/wp\/v2\/pages\/55\/revisions"}],"predecessor-version":[{"id":2911,"href":"https:\/\/micromagic-rc-segeln.de\/index.php?rest_route=\/wp\/v2\/pages\/55\/revisions\/2911"}],"wp:attachment":[{"href":"https:\/\/micromagic-rc-segeln.de\/index.php?rest_route=%2Fwp%2Fv2%2Fmedia&parent=55"}],"curies":[{"name":"wp","href":"https:\/\/api.w.org\/{rel}","templated":true}]}}