{"id":3009,"date":"2021-07-05T20:39:09","date_gmt":"2021-07-05T18:39:09","guid":{"rendered":"https:\/\/micromagic-rc-segeln.de\/?page_id=3009"},"modified":"2022-03-11T10:18:19","modified_gmt":"2022-03-11T09:18:19","slug":"segelrevier-ellertshaeuser-see","status":"publish","type":"page","link":"https:\/\/micromagic-rc-segeln.de\/?page_id=3009","title":{"rendered":"Segelrevier Ellertsh\u00e4user See"},"content":{"rendered":"<p style=\"text-align: center;\"><img loading=\"lazy\" decoding=\"async\" class=\"alignnone size-medium wp-image-3017\" src=\"https:\/\/micromagic-rc-segeln.de\/wp-content\/uploads\/2021\/06\/map_by_ellertshaeuser_see-300x168.png\" alt=\"\" width=\"300\" height=\"168\" srcset=\"https:\/\/micromagic-rc-segeln.de\/wp-content\/uploads\/2021\/06\/map_by_ellertshaeuser_see-300x168.png 300w, https:\/\/micromagic-rc-segeln.de\/wp-content\/uploads\/2021\/06\/map_by_ellertshaeuser_see-768x430.png 768w, https:\/\/micromagic-rc-segeln.de\/wp-content\/uploads\/2021\/06\/map_by_ellertshaeuser_see-500x280.png 500w, https:\/\/micromagic-rc-segeln.de\/wp-content\/uploads\/2021\/06\/map_by_ellertshaeuser_see.png 990w\" sizes=\"auto, (max-width: 300px) 100vw, 300px\" \/><\/p>\n<table style=\"border-collapse: collapse; width: 100%;\">\n<tbody>\n<tr>\n<td style=\"width: 50%; vertical-align: top;\">Ansprechpartner: <strong>Bernd Hildenbrand<\/strong><br \/>\nLeihboot vorhanden: <strong>ja<\/strong><\/td>\n<td style=\"width: 50%; vertical-align: top;\"><a href=\"#Kontaktformular\">Kontaktanfrage<\/a><\/td>\n<\/tr>\n<\/tbody>\n<\/table>\n<p><img loading=\"lazy\" decoding=\"async\" class=\"alignnone wp-image-3086 size-full\" src=\"https:\/\/micromagic-rc-segeln.de\/wp-content\/uploads\/2021\/07\/Segelrevier_Ellertshaueser_See.jpg\" alt=\"\" width=\"1920\" height=\"1280\" srcset=\"https:\/\/micromagic-rc-segeln.de\/wp-content\/uploads\/2021\/07\/Segelrevier_Ellertshaueser_See.jpg 1920w, https:\/\/micromagic-rc-segeln.de\/wp-content\/uploads\/2021\/07\/Segelrevier_Ellertshaueser_See-300x200.jpg 300w, https:\/\/micromagic-rc-segeln.de\/wp-content\/uploads\/2021\/07\/Segelrevier_Ellertshaueser_See-1024x683.jpg 1024w, https:\/\/micromagic-rc-segeln.de\/wp-content\/uploads\/2021\/07\/Segelrevier_Ellertshaueser_See-768x512.jpg 768w, https:\/\/micromagic-rc-segeln.de\/wp-content\/uploads\/2021\/07\/Segelrevier_Ellertshaueser_See-1536x1024.jpg 1536w, https:\/\/micromagic-rc-segeln.de\/wp-content\/uploads\/2021\/07\/Segelrevier_Ellertshaueser_See-450x300.jpg 450w\" sizes=\"auto, (max-width: 1920px) 100vw, 1920px\" \/><br \/>\n<span style=\"font-size: 12px;\">Bild von Thomas Schnepf<br \/>\n<\/span><\/p>\n<p>Der Ellertsh\u00e4user See ist der gr\u00f6\u00dfte Stausee Unterfrankens und liegt zwischen Ebertshausen und Fuchsstadt im Landkreis Schweinfurt. Der See wurde urspr\u00fcnglich als Wasserspeicher f\u00fcr die Region angelegt und 1957\/58 geflutet. Seit den 1970er Jahren wird der See nun als Naherholungsgebiet genutzt. Weite Teile sind zum Baden, Tauchen, Segeln und Angeln freigegeben. Die restlichen Fl\u00e4chen sind als Biotope angelegt und als Naturschutzgebiete ausgewiesen. Um den See f\u00fchrt ein ca. 4,4km langer Rundweg. Weitere Informationen zum Revier findet ihr unter <a href=\"https:\/\/www.ellertshaeuser-see.de\" target=\"_blank\" rel=\"noopener\">https:\/\/www.ellertshaeuser-see.de<\/a>.<\/p>\n<p>Seit 2021 wird am Ellertsh\u00e4user See rund um den <a href=\"https:\/\/www.sces.eu\" target=\"_blank\" rel=\"noopener\">Segelclub Ellertsh\u00e4user See Schweinfurt e. V.<\/a>\u00a0auch Micro Magic gesegelt. Der Verein ist im gleichen Jahr Gastgeber f\u00fcr den GMMC.<\/p>\n<p><script src=\"https:\/\/www.windfinder.com\/widget\/forecast\/js\/ellertshaeuser_see?unit_wave=m&#038;unit_rain=mm&#038;unit_temperature=c&#038;unit_wind=kts&#038;days=4&#038;show_day=1&#038;show_waves=0\"><\/script><noscript><a rel=\"nofollow\" href=\"https:\/\/www.windfinder.com\/forecast\/ellertshaeuser_see?utm_source=forecast&#038;utm_medium=web&#038;utm_campaign=homepageweather&#038;utm_content=noscript-forecast\">Wind forecast for Ellertsh\u00e4user See<\/a> provided by <a rel=\"nofollow\" href=\"https:\/\/www.windfinder.com?utm_source=forecast&#038;utm_medium=web&#038;utm_campaign=homepageweather&#038;utm_content=noscript-logo\">windfinder.com<\/a><\/noscript><\/p>\n<p><strong><a id=\"Kontaktformular\"><\/a>Kontaktanfrage:<br \/>\n<\/strong>\n<div class=\"wpcf7 no-js\" id=\"wpcf7-f3011-o1\" lang=\"de-DE\" dir=\"ltr\" data-wpcf7-id=\"3011\">\n<div class=\"screen-reader-response\"><p role=\"status\" aria-live=\"polite\" aria-atomic=\"true\"><\/p> <ul><\/ul><\/div>\n<form action=\"\/index.php?rest_route=%2Fwp%2Fv2%2Fpages%2F3009#wpcf7-f3011-o1\" method=\"post\" class=\"wpcf7-form init\" aria-label=\"Kontaktformular\" novalidate=\"novalidate\" data-status=\"init\">\n<fieldset class=\"hidden-fields-container\"><input type=\"hidden\" name=\"_wpcf7\" value=\"3011\" \/><input type=\"hidden\" name=\"_wpcf7_version\" value=\"6.1.5\" \/><input type=\"hidden\" name=\"_wpcf7_locale\" value=\"de_DE\" \/><input type=\"hidden\" name=\"_wpcf7_unit_tag\" value=\"wpcf7-f3011-o1\" \/><input type=\"hidden\" name=\"_wpcf7_container_post\" value=\"0\" \/><input type=\"hidden\" name=\"_wpcf7_posted_data_hash\" value=\"\" \/><input type=\"hidden\" name=\"_wpcf7_recaptcha_response\" value=\"\" \/>\n<\/fieldset>\n<p><label> Name:<br \/>\n<span class=\"wpcf7-form-control-wrap\" data-name=\"your-name\"><input size=\"40\" maxlength=\"400\" class=\"wpcf7-form-control wpcf7-text wpcf7-validates-as-required\" aria-required=\"true\" aria-invalid=\"false\" value=\"\" type=\"text\" name=\"your-name\" \/><\/span> <\/label>\n<\/p>\n<p><label> E-Mail-Adresse:<br \/>\n<span class=\"wpcf7-form-control-wrap\" data-name=\"your-email\"><input size=\"40\" maxlength=\"400\" class=\"wpcf7-form-control wpcf7-email wpcf7-validates-as-required wpcf7-text wpcf7-validates-as-email\" aria-required=\"true\" aria-invalid=\"false\" value=\"\" type=\"email\" name=\"your-email\" \/><\/span> <\/label>\n<\/p>\n<p><span class=\"wpcf7-form-control-wrap\" data-name=\"radio-316\"><span class=\"wpcf7-form-control wpcf7-radio\"><span class=\"wpcf7-list-item first\"><label><input type=\"radio\" name=\"radio-316\" value=\"Ich habe noch keine Micro Magic und m\u00f6chte gerne einmal Probe segeln.\" checked=\"checked\" \/><span class=\"wpcf7-list-item-label\">Ich habe noch keine Micro Magic und m\u00f6chte gerne einmal Probe segeln.<\/span><\/label><\/span><span class=\"wpcf7-list-item last\"><label><input type=\"radio\" name=\"radio-316\" value=\"Ich habe schon eine Micro Magic und m\u00f6chte gerne mitsegeln.\" \/><span class=\"wpcf7-list-item-label\">Ich habe schon eine Micro Magic und m\u00f6chte gerne mitsegeln.<\/span><\/label><\/span><\/span><\/span>\n<\/p>\n<p><label> Nachricht:<br \/>\n<span class=\"wpcf7-form-control-wrap\" data-name=\"your-message\"><textarea cols=\"40\" rows=\"10\" maxlength=\"2000\" class=\"wpcf7-form-control wpcf7-textarea\" aria-invalid=\"false\" name=\"your-message\"><\/textarea><\/span> <\/label>\n<\/p>\n<p><input class=\"wpcf7-form-control wpcf7-submit has-spinner\" type=\"submit\" value=\"Anfrage senden\" \/>\n<\/p><div class=\"wpcf7-response-output\" aria-hidden=\"true\"><\/div>\n<\/form>\n<\/div>\n<\/p>\n","protected":false},"excerpt":{"rendered":"<p>Ansprechpartner: Bernd Hildenbrand Leihboot vorhanden: ja Kontaktanfrage Bild von Thomas Schnepf Der Ellertsh\u00e4user See ist der gr\u00f6\u00dfte Stausee Unterfrankens und liegt zwischen Ebertshausen und Fuchsstadt im Landkreis Schweinfurt. Der See wurde urspr\u00fcnglich als Wasserspeicher f\u00fcr die Region angelegt und 1957\/58 &hellip; <a href=\"https:\/\/micromagic-rc-segeln.de\/?page_id=3009\">Weiterlesen <span class=\"meta-nav\">&rarr;<\/span><\/a><\/p>\n","protected":false},"author":4,"featured_media":0,"parent":0,"menu_order":0,"comment_status":"closed","ping_status":"closed","template":"","meta":{"footnotes":""},"class_list":["post-3009","page","type-page","status-publish","hentry"],"_links":{"self":[{"href":"https:\/\/micromagic-rc-segeln.de\/index.php?rest_route=\/wp\/v2\/pages\/3009","targetHints":{"allow":["GET"]}}],"collection":[{"href":"https:\/\/micromagic-rc-segeln.de\/index.php?rest_route=\/wp\/v2\/pages"}],"about":[{"href":"https:\/\/micromagic-rc-segeln.de\/index.php?rest_route=\/wp\/v2\/types\/page"}],"author":[{"embeddable":true,"href":"https:\/\/micromagic-rc-segeln.de\/index.php?rest_route=\/wp\/v2\/users\/4"}],"replies":[{"embeddable":true,"href":"https:\/\/micromagic-rc-segeln.de\/index.php?rest_route=%2Fwp%2Fv2%2Fcomments&post=3009"}],"version-history":[{"count":8,"href":"https:\/\/micromagic-rc-segeln.de\/index.php?rest_route=\/wp\/v2\/pages\/3009\/revisions"}],"predecessor-version":[{"id":3846,"href":"https:\/\/micromagic-rc-segeln.de\/index.php?rest_route=\/wp\/v2\/pages\/3009\/revisions\/3846"}],"wp:attachment":[{"href":"https:\/\/micromagic-rc-segeln.de\/index.php?rest_route=%2Fwp%2Fv2%2Fmedia&parent=3009"}],"curies":[{"name":"wp","href":"https:\/\/api.w.org\/{rel}","templated":true}]}}