{"id":2775,"date":"2021-02-24T18:31:41","date_gmt":"2021-02-24T17:31:41","guid":{"rendered":"https:\/\/micromagic-rc-segeln.de\/?page_id=2775"},"modified":"2021-03-11T13:36:37","modified_gmt":"2021-03-11T12:36:37","slug":"segelrevier-uelfebad","status":"publish","type":"page","link":"https:\/\/micromagic-rc-segeln.de\/?page_id=2775","title":{"rendered":"Segelrevier Uelfebad"},"content":{"rendered":"<p style=\"text-align: center;\"><img loading=\"lazy\" decoding=\"async\" class=\"alignnone size-medium wp-image-2780\" src=\"https:\/\/micromagic-rc-segeln.de\/wp-content\/uploads\/2021\/02\/map_nrw_uelfebad-300x168.png\" alt=\"\" width=\"300\" height=\"168\" srcset=\"https:\/\/micromagic-rc-segeln.de\/wp-content\/uploads\/2021\/02\/map_nrw_uelfebad-300x168.png 300w, https:\/\/micromagic-rc-segeln.de\/wp-content\/uploads\/2021\/02\/map_nrw_uelfebad-768x430.png 768w, https:\/\/micromagic-rc-segeln.de\/wp-content\/uploads\/2021\/02\/map_nrw_uelfebad-500x280.png 500w, https:\/\/micromagic-rc-segeln.de\/wp-content\/uploads\/2021\/02\/map_nrw_uelfebad.png 839w\" sizes=\"auto, (max-width: 300px) 100vw, 300px\" \/><\/p>\n<table style=\"border-collapse: collapse; width: 100%;\">\n<tbody>\n<tr>\n<td style=\"width: 50%; vertical-align: top;\">Ansprechpartner: <strong>Marco Hill<\/strong><br \/>\nLeihboot vorhanden: <strong>ja<\/strong><\/td>\n<td style=\"width: 50%; vertical-align: top;\"><a href=\"#Kontaktformular\">Kontaktanfrage<\/a><\/td>\n<\/tr>\n<\/tbody>\n<\/table>\n<p><img loading=\"lazy\" decoding=\"async\" class=\"alignnone wp-image-2776 size-full\" src=\"https:\/\/micromagic-rc-segeln.de\/wp-content\/uploads\/2021\/02\/segelrevier_uelfebad_01.jpeg\" alt=\"\" width=\"1920\" height=\"1440\" srcset=\"https:\/\/micromagic-rc-segeln.de\/wp-content\/uploads\/2021\/02\/segelrevier_uelfebad_01.jpeg 1920w, https:\/\/micromagic-rc-segeln.de\/wp-content\/uploads\/2021\/02\/segelrevier_uelfebad_01-300x225.jpeg 300w, https:\/\/micromagic-rc-segeln.de\/wp-content\/uploads\/2021\/02\/segelrevier_uelfebad_01-1024x768.jpeg 1024w, https:\/\/micromagic-rc-segeln.de\/wp-content\/uploads\/2021\/02\/segelrevier_uelfebad_01-768x576.jpeg 768w, https:\/\/micromagic-rc-segeln.de\/wp-content\/uploads\/2021\/02\/segelrevier_uelfebad_01-1536x1152.jpeg 1536w, https:\/\/micromagic-rc-segeln.de\/wp-content\/uploads\/2021\/02\/segelrevier_uelfebad_01-400x300.jpeg 400w\" sizes=\"auto, (max-width: 1920px) 100vw, 1920px\" \/><br \/>\n<span style=\"font-size: 12px;\">Bild von Marco Hill<br \/>\n<\/span><\/p>\n<p>Das Uelfebad ist eine ehemalige Freibadanlage, die am 26. Juni 1927 er\u00f6ffnet wurde, seit einigen Jahrzehnten aber nicht mehr als Bad benutzbar ist. Heute wird das Uelfebad und seine Umgebung von Anglern, Modellbootfahrern und Spazierg\u00e4ngern zur Entspannung genutzt. Auch MM wird hier gesegelt.<br \/>\nAufgrund der Tallage haben wir hier regelhaft spannende Windverh\u00e4ltnisse. F\u00fcr ein kurzes Sp\u00e4tnachmittag- oder Abendsegeln eignet sich das Uelfebad dennoch sehr gut. Man kommt an fast jeder Kante des Beckens direkt ans Wasser, um sein Boot zu Wasser zu lassen oder bergen zu k\u00f6nnen, so dass das Revier auch f\u00fcr Einsteiger in den Modellsegelsport gut geeignet ist.<\/p>\n<p><script src=\"https:\/\/www.windfinder.com\/widget\/forecast\/js\/radevormwald?unit_wave=m&#038;unit_rain=mm&#038;unit_temperature=c&#038;unit_wind=kts&#038;days=4&#038;show_day=1&#038;show_waves=0\"><\/script><noscript><a rel=\"nofollow\" href=\"https:\/\/www.windfinder.com\/forecast\/radevormwald?utm_source=forecast&#038;utm_medium=web&#038;utm_campaign=homepageweather&#038;utm_content=noscript-forecast\">Wind forecast for Radevormwald<\/a> provided by <a rel=\"nofollow\" href=\"https:\/\/www.windfinder.com?utm_source=forecast&#038;utm_medium=web&#038;utm_campaign=homepageweather&#038;utm_content=noscript-logo\">windfinder.com<\/a><\/noscript><\/p>\n<p>&nbsp;<\/p>\n<p><strong><a id=\"Kontaktformular\"><\/a>Kontaktanfrage:<br \/>\n<\/strong>\n<div class=\"wpcf7 no-js\" id=\"wpcf7-f2774-o1\" lang=\"de-DE\" dir=\"ltr\" data-wpcf7-id=\"2774\">\n<div class=\"screen-reader-response\"><p role=\"status\" aria-live=\"polite\" aria-atomic=\"true\"><\/p> <ul><\/ul><\/div>\n<form action=\"\/index.php?rest_route=%2Fwp%2Fv2%2Fpages%2F2775#wpcf7-f2774-o1\" method=\"post\" class=\"wpcf7-form init\" aria-label=\"Kontaktformular\" novalidate=\"novalidate\" data-status=\"init\">\n<fieldset class=\"hidden-fields-container\"><input type=\"hidden\" name=\"_wpcf7\" value=\"2774\" \/><input type=\"hidden\" name=\"_wpcf7_version\" value=\"6.1.5\" \/><input type=\"hidden\" name=\"_wpcf7_locale\" value=\"de_DE\" \/><input type=\"hidden\" name=\"_wpcf7_unit_tag\" value=\"wpcf7-f2774-o1\" \/><input type=\"hidden\" name=\"_wpcf7_container_post\" value=\"0\" \/><input type=\"hidden\" name=\"_wpcf7_posted_data_hash\" value=\"\" \/><input type=\"hidden\" name=\"_wpcf7_recaptcha_response\" value=\"\" \/>\n<\/fieldset>\n<p><label> Name:<br \/>\n<span class=\"wpcf7-form-control-wrap\" data-name=\"your-name\"><input size=\"40\" maxlength=\"400\" class=\"wpcf7-form-control wpcf7-text wpcf7-validates-as-required\" aria-required=\"true\" aria-invalid=\"false\" value=\"\" type=\"text\" name=\"your-name\" \/><\/span> <\/label>\n<\/p>\n<p><label> E-Mail-Adresse:<br \/>\n<span class=\"wpcf7-form-control-wrap\" data-name=\"your-email\"><input size=\"40\" maxlength=\"400\" class=\"wpcf7-form-control wpcf7-email wpcf7-validates-as-required wpcf7-text wpcf7-validates-as-email\" aria-required=\"true\" aria-invalid=\"false\" value=\"\" type=\"email\" name=\"your-email\" \/><\/span> <\/label>\n<\/p>\n<p><span class=\"wpcf7-form-control-wrap\" data-name=\"radio-316\"><span class=\"wpcf7-form-control wpcf7-radio\"><span class=\"wpcf7-list-item first\"><label><input type=\"radio\" name=\"radio-316\" value=\"Ich habe noch keine Micro Magic und m\u00f6chte gerne einmal Probe segeln.\" checked=\"checked\" \/><span class=\"wpcf7-list-item-label\">Ich habe noch keine Micro Magic und m\u00f6chte gerne einmal Probe segeln.<\/span><\/label><\/span><span class=\"wpcf7-list-item last\"><label><input type=\"radio\" name=\"radio-316\" value=\"Ich habe schon eine Micro Magic und m\u00f6chte gerne mitsegeln.\" \/><span class=\"wpcf7-list-item-label\">Ich habe schon eine Micro Magic und m\u00f6chte gerne mitsegeln.<\/span><\/label><\/span><\/span><\/span>\n<\/p>\n<p><label> Nachricht:<br \/>\n<span class=\"wpcf7-form-control-wrap\" data-name=\"your-message\"><textarea cols=\"40\" rows=\"10\" maxlength=\"2000\" class=\"wpcf7-form-control wpcf7-textarea\" aria-invalid=\"false\" name=\"your-message\"><\/textarea><\/span> <\/label>\n<\/p>\n<p><input class=\"wpcf7-form-control wpcf7-submit has-spinner\" type=\"submit\" value=\"Anfrage senden\" \/>\n<\/p><div class=\"wpcf7-response-output\" aria-hidden=\"true\"><\/div>\n<\/form>\n<\/div>\n<\/p>\n","protected":false},"excerpt":{"rendered":"<p>Ansprechpartner: Marco Hill Leihboot vorhanden: ja Kontaktanfrage Bild von Marco Hill Das Uelfebad ist eine ehemalige Freibadanlage, die am 26. Juni 1927 er\u00f6ffnet wurde, seit einigen Jahrzehnten aber nicht mehr als Bad benutzbar ist. Heute wird das Uelfebad und seine &hellip; <a href=\"https:\/\/micromagic-rc-segeln.de\/?page_id=2775\">Weiterlesen <span class=\"meta-nav\">&rarr;<\/span><\/a><\/p>\n","protected":false},"author":4,"featured_media":0,"parent":0,"menu_order":0,"comment_status":"closed","ping_status":"closed","template":"","meta":{"footnotes":""},"class_list":["post-2775","page","type-page","status-publish","hentry"],"_links":{"self":[{"href":"https:\/\/micromagic-rc-segeln.de\/index.php?rest_route=\/wp\/v2\/pages\/2775","targetHints":{"allow":["GET"]}}],"collection":[{"href":"https:\/\/micromagic-rc-segeln.de\/index.php?rest_route=\/wp\/v2\/pages"}],"about":[{"href":"https:\/\/micromagic-rc-segeln.de\/index.php?rest_route=\/wp\/v2\/types\/page"}],"author":[{"embeddable":true,"href":"https:\/\/micromagic-rc-segeln.de\/index.php?rest_route=\/wp\/v2\/users\/4"}],"replies":[{"embeddable":true,"href":"https:\/\/micromagic-rc-segeln.de\/index.php?rest_route=%2Fwp%2Fv2%2Fcomments&post=2775"}],"version-history":[{"count":4,"href":"https:\/\/micromagic-rc-segeln.de\/index.php?rest_route=\/wp\/v2\/pages\/2775\/revisions"}],"predecessor-version":[{"id":2920,"href":"https:\/\/micromagic-rc-segeln.de\/index.php?rest_route=\/wp\/v2\/pages\/2775\/revisions\/2920"}],"wp:attachment":[{"href":"https:\/\/micromagic-rc-segeln.de\/index.php?rest_route=%2Fwp%2Fv2%2Fmedia&parent=2775"}],"curies":[{"name":"wp","href":"https:\/\/api.w.org\/{rel}","templated":true}]}}