{"id":2676,"date":"2021-02-20T13:33:53","date_gmt":"2021-02-20T12:33:53","guid":{"rendered":"https:\/\/micromagic-rc-segeln.de\/?page_id=2676"},"modified":"2021-03-11T13:50:47","modified_gmt":"2021-03-11T12:50:47","slug":"segelrevier-lauffen-am-neckar","status":"publish","type":"page","link":"https:\/\/micromagic-rc-segeln.de\/?page_id=2676","title":{"rendered":"Segelrevier Lauffen am Neckar"},"content":{"rendered":"<p style=\"text-align: center;\">\u00a0<img loading=\"lazy\" decoding=\"async\" class=\"alignnone size-medium wp-image-2718\" src=\"https:\/\/micromagic-rc-segeln.de\/wp-content\/uploads\/2021\/02\/map_bw_lauffen_am_neckar-300x168.png\" alt=\"\" width=\"300\" height=\"168\" srcset=\"https:\/\/micromagic-rc-segeln.de\/wp-content\/uploads\/2021\/02\/map_bw_lauffen_am_neckar-300x168.png 300w, https:\/\/micromagic-rc-segeln.de\/wp-content\/uploads\/2021\/02\/map_bw_lauffen_am_neckar-768x430.png 768w, https:\/\/micromagic-rc-segeln.de\/wp-content\/uploads\/2021\/02\/map_bw_lauffen_am_neckar-500x280.png 500w, https:\/\/micromagic-rc-segeln.de\/wp-content\/uploads\/2021\/02\/map_bw_lauffen_am_neckar.png 1019w\" sizes=\"auto, (max-width: 300px) 100vw, 300px\" \/><\/p>\n<table style=\"border-collapse: collapse; width: 100%;\">\n<tbody>\n<tr>\n<td style=\"width: 50%; vertical-align: top;\">Ansprechpartner: <strong>Axel Becker<\/strong><br \/>\nLeihboot vorhanden: <strong>ja<\/strong><\/td>\n<td style=\"width: 50%; vertical-align: top;\"><a href=\"#Kontaktformular\">Kontaktanfrage<\/a><\/td>\n<\/tr>\n<\/tbody>\n<\/table>\n<p><img loading=\"lazy\" decoding=\"async\" class=\"alignnone wp-image-1730 size-full\" src=\"https:\/\/micromagic-rc-segeln.de\/wp-content\/uploads\/2019\/07\/MM_RL_Lauffen_25032017_7778.jpg\" alt=\"\" width=\"2048\" height=\"1188\" srcset=\"https:\/\/micromagic-rc-segeln.de\/wp-content\/uploads\/2019\/07\/MM_RL_Lauffen_25032017_7778.jpg 2048w, https:\/\/micromagic-rc-segeln.de\/wp-content\/uploads\/2019\/07\/MM_RL_Lauffen_25032017_7778-300x174.jpg 300w, https:\/\/micromagic-rc-segeln.de\/wp-content\/uploads\/2019\/07\/MM_RL_Lauffen_25032017_7778-768x446.jpg 768w, https:\/\/micromagic-rc-segeln.de\/wp-content\/uploads\/2019\/07\/MM_RL_Lauffen_25032017_7778-1024x594.jpg 1024w, https:\/\/micromagic-rc-segeln.de\/wp-content\/uploads\/2019\/07\/MM_RL_Lauffen_25032017_7778-500x290.jpg 500w\" sizes=\"auto, (max-width: 2048px) 100vw, 2048px\" \/><br \/>\n<span style=\"font-size: 12px;\">Bild von Claudia Becker<br \/>\n<\/span><\/p>\n<p><b>Lauffen am Neckar<\/b> ist eine Stadt im Landkreis Heilbronn, Baden-W\u00fcrttemberg. Bekannt ist Lauffen als Geburtsstadt des Dichters Friedrich H\u00f6lderlin und als zweitgr\u00f6\u00dfte Weinbaugemeinde W\u00fcrttembergs. Auch hier treffen wir uns regelm\u00e4\u00dfig zum Segeln mit der Micro Magic. Wir segeln direkt am Neckarufer in der N\u00e4he des Lauffener Segelclubs Neckar e. V. (Otto-Konz-Str., 74348 Lauffen a. N.). Hier finden auch mehrere Ranglistenregatten im Jahr statt.<\/p>\n<p><script src=\"https:\/\/www.windfinder.com\/widget\/forecast\/js\/lauffen_am_neckar?unit_wave=m&#038;unit_rain=mm&#038;unit_temperature=c&#038;unit_wind=kts&#038;days=4&#038;show_day=1&#038;show_waves=0\"><\/script><noscript><a rel=\"nofollow\" href=\"https:\/\/www.windfinder.com\/forecast\/lauffen_am_neckar?utm_source=forecast&#038;utm_medium=web&#038;utm_campaign=homepageweather&#038;utm_content=noscript-forecast\">Wind forecast for Lauffen am Neckar<\/a> provided by <a rel=\"nofollow\" href=\"https:\/\/www.windfinder.com?utm_source=forecast&#038;utm_medium=web&#038;utm_campaign=homepageweather&#038;utm_content=noscript-logo\">windfinder.com<\/a><\/noscript>&nbsp;<\/p>\n<p><strong><a id=\"Kontaktformular\"><\/a>Kontaktanfrage:<br \/>\n<\/strong>\n<div class=\"wpcf7 no-js\" id=\"wpcf7-f2675-o1\" lang=\"de-DE\" dir=\"ltr\" data-wpcf7-id=\"2675\">\n<div class=\"screen-reader-response\"><p role=\"status\" aria-live=\"polite\" aria-atomic=\"true\"><\/p> <ul><\/ul><\/div>\n<form action=\"\/index.php?rest_route=%2Fwp%2Fv2%2Fpages%2F2676#wpcf7-f2675-o1\" method=\"post\" class=\"wpcf7-form init\" aria-label=\"Kontaktformular\" novalidate=\"novalidate\" data-status=\"init\">\n<fieldset class=\"hidden-fields-container\"><input type=\"hidden\" name=\"_wpcf7\" value=\"2675\" \/><input type=\"hidden\" name=\"_wpcf7_version\" value=\"6.1.5\" \/><input type=\"hidden\" name=\"_wpcf7_locale\" value=\"de_DE\" \/><input type=\"hidden\" name=\"_wpcf7_unit_tag\" value=\"wpcf7-f2675-o1\" \/><input type=\"hidden\" name=\"_wpcf7_container_post\" value=\"0\" \/><input type=\"hidden\" name=\"_wpcf7_posted_data_hash\" value=\"\" \/><input type=\"hidden\" name=\"_wpcf7_recaptcha_response\" value=\"\" \/>\n<\/fieldset>\n<p><label> Name:<br \/>\n<span class=\"wpcf7-form-control-wrap\" data-name=\"your-name\"><input size=\"40\" maxlength=\"400\" class=\"wpcf7-form-control wpcf7-text wpcf7-validates-as-required\" aria-required=\"true\" aria-invalid=\"false\" value=\"\" type=\"text\" name=\"your-name\" \/><\/span> <\/label>\n<\/p>\n<p><label> E-Mail-Adresse:<br \/>\n<span class=\"wpcf7-form-control-wrap\" data-name=\"your-email\"><input size=\"40\" maxlength=\"400\" class=\"wpcf7-form-control wpcf7-email wpcf7-validates-as-required wpcf7-text wpcf7-validates-as-email\" aria-required=\"true\" aria-invalid=\"false\" value=\"\" type=\"email\" name=\"your-email\" \/><\/span> <\/label>\n<\/p>\n<p><span class=\"wpcf7-form-control-wrap\" data-name=\"radio-316\"><span class=\"wpcf7-form-control wpcf7-radio\"><span class=\"wpcf7-list-item first\"><label><input type=\"radio\" name=\"radio-316\" value=\"Ich habe noch keine Micro Magic und m\u00f6chte gerne einmal Probe segeln.\" checked=\"checked\" \/><span class=\"wpcf7-list-item-label\">Ich habe noch keine Micro Magic und m\u00f6chte gerne einmal Probe segeln.<\/span><\/label><\/span><span class=\"wpcf7-list-item last\"><label><input type=\"radio\" name=\"radio-316\" value=\"Ich habe schon eine Micro Magic und m\u00f6chte gerne mitsegeln.\" \/><span class=\"wpcf7-list-item-label\">Ich habe schon eine Micro Magic und m\u00f6chte gerne mitsegeln.<\/span><\/label><\/span><\/span><\/span>\n<\/p>\n<p><label> Nachricht:<br \/>\n<span class=\"wpcf7-form-control-wrap\" data-name=\"your-message\"><textarea cols=\"40\" rows=\"10\" maxlength=\"2000\" class=\"wpcf7-form-control wpcf7-textarea\" aria-invalid=\"false\" name=\"your-message\"><\/textarea><\/span> <\/label>\n<\/p>\n<p><input class=\"wpcf7-form-control wpcf7-submit has-spinner\" type=\"submit\" value=\"Anfrage senden\" \/>\n<\/p><div class=\"wpcf7-response-output\" aria-hidden=\"true\"><\/div>\n<\/form>\n<\/div>\n<\/p>\n","protected":false},"excerpt":{"rendered":"<p>\u00a0 Ansprechpartner: Axel Becker Leihboot vorhanden: ja Kontaktanfrage Bild von Claudia Becker Lauffen am Neckar ist eine Stadt im Landkreis Heilbronn, Baden-W\u00fcrttemberg. Bekannt ist Lauffen als Geburtsstadt des Dichters Friedrich H\u00f6lderlin und als zweitgr\u00f6\u00dfte Weinbaugemeinde W\u00fcrttembergs. Auch hier treffen wir &hellip; <a href=\"https:\/\/micromagic-rc-segeln.de\/?page_id=2676\">Weiterlesen <span class=\"meta-nav\">&rarr;<\/span><\/a><\/p>\n","protected":false},"author":4,"featured_media":0,"parent":0,"menu_order":0,"comment_status":"closed","ping_status":"closed","template":"","meta":{"footnotes":""},"class_list":["post-2676","page","type-page","status-publish","hentry"],"_links":{"self":[{"href":"https:\/\/micromagic-rc-segeln.de\/index.php?rest_route=\/wp\/v2\/pages\/2676","targetHints":{"allow":["GET"]}}],"collection":[{"href":"https:\/\/micromagic-rc-segeln.de\/index.php?rest_route=\/wp\/v2\/pages"}],"about":[{"href":"https:\/\/micromagic-rc-segeln.de\/index.php?rest_route=\/wp\/v2\/types\/page"}],"author":[{"embeddable":true,"href":"https:\/\/micromagic-rc-segeln.de\/index.php?rest_route=\/wp\/v2\/users\/4"}],"replies":[{"embeddable":true,"href":"https:\/\/micromagic-rc-segeln.de\/index.php?rest_route=%2Fwp%2Fv2%2Fcomments&post=2676"}],"version-history":[{"count":4,"href":"https:\/\/micromagic-rc-segeln.de\/index.php?rest_route=\/wp\/v2\/pages\/2676\/revisions"}],"predecessor-version":[{"id":2928,"href":"https:\/\/micromagic-rc-segeln.de\/index.php?rest_route=\/wp\/v2\/pages\/2676\/revisions\/2928"}],"wp:attachment":[{"href":"https:\/\/micromagic-rc-segeln.de\/index.php?rest_route=%2Fwp%2Fv2%2Fmedia&parent=2676"}],"curies":[{"name":"wp","href":"https:\/\/api.w.org\/{rel}","templated":true}]}}