{"id":2654,"date":"2021-02-19T12:02:53","date_gmt":"2021-02-19T11:02:53","guid":{"rendered":"https:\/\/micromagic-rc-segeln.de\/?page_id=2654"},"modified":"2021-03-11T13:49:29","modified_gmt":"2021-03-11T12:49:29","slug":"segelrevier-langer-see","status":"publish","type":"page","link":"https:\/\/micromagic-rc-segeln.de\/?page_id=2654","title":{"rendered":"Segelrevier Langer See"},"content":{"rendered":"<p style=\"text-align: center;\"><img loading=\"lazy\" decoding=\"async\" class=\"alignnone size-medium wp-image-2702\" src=\"https:\/\/micromagic-rc-segeln.de\/wp-content\/uploads\/2021\/02\/map_bw_langer_see-300x168.png\" alt=\"\" width=\"300\" height=\"168\" srcset=\"https:\/\/micromagic-rc-segeln.de\/wp-content\/uploads\/2021\/02\/map_bw_langer_see-300x168.png 300w, https:\/\/micromagic-rc-segeln.de\/wp-content\/uploads\/2021\/02\/map_bw_langer_see-768x430.png 768w, https:\/\/micromagic-rc-segeln.de\/wp-content\/uploads\/2021\/02\/map_bw_langer_see-500x280.png 500w, https:\/\/micromagic-rc-segeln.de\/wp-content\/uploads\/2021\/02\/map_bw_langer_see.png 1019w\" sizes=\"auto, (max-width: 300px) 100vw, 300px\" \/><\/p>\n<table style=\"border-collapse: collapse; width: 100%;\">\n<tbody>\n<tr>\n<td style=\"width: 50%; vertical-align: top;\">Ansprechpartner: <strong>Udo Reutter<\/strong><br \/>\nLeihboot vorhanden: <strong>ja<\/strong><\/td>\n<td style=\"width: 50%; vertical-align: top;\"><a href=\"#Kontaktformular\">Kontaktanfrage<\/a><\/td>\n<\/tr>\n<\/tbody>\n<\/table>\n<p><img loading=\"lazy\" decoding=\"async\" class=\"alignnone wp-image-2656 size-full\" src=\"https:\/\/micromagic-rc-segeln.de\/wp-content\/uploads\/2021\/02\/Segelrevier_Langer_See.jpg\" alt=\"\" width=\"2016\" height=\"1512\" srcset=\"https:\/\/micromagic-rc-segeln.de\/wp-content\/uploads\/2021\/02\/Segelrevier_Langer_See.jpg 2016w, https:\/\/micromagic-rc-segeln.de\/wp-content\/uploads\/2021\/02\/Segelrevier_Langer_See-300x225.jpg 300w, https:\/\/micromagic-rc-segeln.de\/wp-content\/uploads\/2021\/02\/Segelrevier_Langer_See-1024x768.jpg 1024w, https:\/\/micromagic-rc-segeln.de\/wp-content\/uploads\/2021\/02\/Segelrevier_Langer_See-768x576.jpg 768w, https:\/\/micromagic-rc-segeln.de\/wp-content\/uploads\/2021\/02\/Segelrevier_Langer_See-1536x1152.jpg 1536w, https:\/\/micromagic-rc-segeln.de\/wp-content\/uploads\/2021\/02\/Segelrevier_Langer_See-400x300.jpg 400w\" sizes=\"auto, (max-width: 2016px) 100vw, 2016px\" \/><br \/>\n<span style=\"font-size: 12px;\">Bild von Marco Hill<\/span><\/p>\n<p>Das Flugfeld in B\u00f6blingen findet Ihr gleich bei der Autobahnausfahrt B\u00f6blingen.<br \/>\nAuch der Bahnhof von B\u00f6blingen (auch S-Bahn) befindet sich in ca 300m Entfernung.<br \/>\nMeistens segeln wir Mittwoch abends und sporadisch am Wochenende. Ank\u00fcndigungen findet ihr im Forum oder in der WhatsApp Gruppe die von mir verwaltet wird. Interessierte werden gerne aufgenommen und k\u00f6nnen mir Ihre Telefonnummer f\u00fcr<br \/>\nWhatsApp \u00fcbermitteln.<\/p>\n<p>Neue Gesichter sind immer gerne gesehen. Anf\u00e4nger und interessierte d\u00fcrfen sich gerne melden, wir unterst\u00fctzen auch beim Bau und beim Erlernen des Modellsegelns.<\/p>\n<p><script src=\"https:\/\/www.windfinder.com\/widget\/forecast\/js\/boeblingen?unit_wave=m&#038;unit_rain=mm&#038;unit_temperature=c&#038;unit_wind=kts&#038;days=4&#038;show_day=1&#038;show_waves=0\"><\/script><noscript><a rel=\"nofollow\" href=\"https:\/\/www.windfinder.com\/forecast\/boeblingen?utm_source=forecast&#038;utm_medium=web&#038;utm_campaign=homepageweather&#038;utm_content=noscript-forecast\">Wind forecast for B\u00f6blingen<\/a> provided by <a rel=\"nofollow\" href=\"https:\/\/www.windfinder.com?utm_source=forecast&#038;utm_medium=web&#038;utm_campaign=homepageweather&#038;utm_content=noscript-logo\">windfinder.com<\/a><\/noscript>&nbsp;<\/p>\n<p><strong><a id=\"Kontaktformular\"><\/a>Kontaktanfrage:<br \/>\n<\/strong>\n<div class=\"wpcf7 no-js\" id=\"wpcf7-f2538-o1\" lang=\"de-DE\" dir=\"ltr\" data-wpcf7-id=\"2538\">\n<div class=\"screen-reader-response\"><p role=\"status\" aria-live=\"polite\" aria-atomic=\"true\"><\/p> <ul><\/ul><\/div>\n<form action=\"\/index.php?rest_route=%2Fwp%2Fv2%2Fpages%2F2654#wpcf7-f2538-o1\" method=\"post\" class=\"wpcf7-form init\" aria-label=\"Kontaktformular\" novalidate=\"novalidate\" data-status=\"init\">\n<fieldset class=\"hidden-fields-container\"><input type=\"hidden\" name=\"_wpcf7\" value=\"2538\" \/><input type=\"hidden\" name=\"_wpcf7_version\" value=\"6.1.5\" \/><input type=\"hidden\" name=\"_wpcf7_locale\" value=\"de_DE\" \/><input type=\"hidden\" name=\"_wpcf7_unit_tag\" value=\"wpcf7-f2538-o1\" \/><input type=\"hidden\" name=\"_wpcf7_container_post\" value=\"0\" \/><input type=\"hidden\" name=\"_wpcf7_posted_data_hash\" value=\"\" \/><input type=\"hidden\" name=\"_wpcf7_recaptcha_response\" value=\"\" \/>\n<\/fieldset>\n<p><label> Name:<br \/>\n<span class=\"wpcf7-form-control-wrap\" data-name=\"your-name\"><input size=\"40\" maxlength=\"400\" class=\"wpcf7-form-control wpcf7-text wpcf7-validates-as-required\" aria-required=\"true\" aria-invalid=\"false\" value=\"\" type=\"text\" name=\"your-name\" \/><\/span> <\/label>\n<\/p>\n<p><label> E-Mail-Adresse:<br \/>\n<span class=\"wpcf7-form-control-wrap\" data-name=\"your-email\"><input size=\"40\" maxlength=\"400\" class=\"wpcf7-form-control wpcf7-email wpcf7-validates-as-required wpcf7-text wpcf7-validates-as-email\" aria-required=\"true\" aria-invalid=\"false\" value=\"\" type=\"email\" name=\"your-email\" \/><\/span> <\/label>\n<\/p>\n<p><span class=\"wpcf7-form-control-wrap\" data-name=\"radio-316\"><span class=\"wpcf7-form-control wpcf7-radio\"><span class=\"wpcf7-list-item first\"><label><input type=\"radio\" name=\"radio-316\" value=\"Ich habe noch keine Micro Magic und m\u00f6chte gerne einmal Probe segeln.\" checked=\"checked\" \/><span class=\"wpcf7-list-item-label\">Ich habe noch keine Micro Magic und m\u00f6chte gerne einmal Probe segeln.<\/span><\/label><\/span><span class=\"wpcf7-list-item last\"><label><input type=\"radio\" name=\"radio-316\" value=\"Ich habe schon eine Micro Magic und m\u00f6chte gerne mitsegeln.\" \/><span class=\"wpcf7-list-item-label\">Ich habe schon eine Micro Magic und m\u00f6chte gerne mitsegeln.<\/span><\/label><\/span><\/span><\/span>\n<\/p>\n<p><label> Nachricht:<br \/>\n<span class=\"wpcf7-form-control-wrap\" data-name=\"your-message\"><textarea cols=\"40\" rows=\"10\" maxlength=\"2000\" class=\"wpcf7-form-control wpcf7-textarea\" aria-invalid=\"false\" name=\"your-message\"><\/textarea><\/span> <\/label>\n<\/p>\n<p><input class=\"wpcf7-form-control wpcf7-submit has-spinner\" type=\"submit\" value=\"Anfrage senden\" \/>\n<\/p><div class=\"wpcf7-response-output\" aria-hidden=\"true\"><\/div>\n<\/form>\n<\/div>\n<\/p>\n","protected":false},"excerpt":{"rendered":"<p>Ansprechpartner: Udo Reutter Leihboot vorhanden: ja Kontaktanfrage Bild von Marco Hill Das Flugfeld in B\u00f6blingen findet Ihr gleich bei der Autobahnausfahrt B\u00f6blingen. Auch der Bahnhof von B\u00f6blingen (auch S-Bahn) befindet sich in ca 300m Entfernung. Meistens segeln wir Mittwoch abends &hellip; <a href=\"https:\/\/micromagic-rc-segeln.de\/?page_id=2654\">Weiterlesen <span class=\"meta-nav\">&rarr;<\/span><\/a><\/p>\n","protected":false},"author":4,"featured_media":0,"parent":0,"menu_order":0,"comment_status":"closed","ping_status":"closed","template":"","meta":{"footnotes":""},"class_list":["post-2654","page","type-page","status-publish","hentry"],"_links":{"self":[{"href":"https:\/\/micromagic-rc-segeln.de\/index.php?rest_route=\/wp\/v2\/pages\/2654","targetHints":{"allow":["GET"]}}],"collection":[{"href":"https:\/\/micromagic-rc-segeln.de\/index.php?rest_route=\/wp\/v2\/pages"}],"about":[{"href":"https:\/\/micromagic-rc-segeln.de\/index.php?rest_route=\/wp\/v2\/types\/page"}],"author":[{"embeddable":true,"href":"https:\/\/micromagic-rc-segeln.de\/index.php?rest_route=\/wp\/v2\/users\/4"}],"replies":[{"embeddable":true,"href":"https:\/\/micromagic-rc-segeln.de\/index.php?rest_route=%2Fwp%2Fv2%2Fcomments&post=2654"}],"version-history":[{"count":7,"href":"https:\/\/micromagic-rc-segeln.de\/index.php?rest_route=\/wp\/v2\/pages\/2654\/revisions"}],"predecessor-version":[{"id":2926,"href":"https:\/\/micromagic-rc-segeln.de\/index.php?rest_route=\/wp\/v2\/pages\/2654\/revisions\/2926"}],"wp:attachment":[{"href":"https:\/\/micromagic-rc-segeln.de\/index.php?rest_route=%2Fwp%2Fv2%2Fmedia&parent=2654"}],"curies":[{"name":"wp","href":"https:\/\/api.w.org\/{rel}","templated":true}]}}