{"id":2647,"date":"2021-02-19T11:44:05","date_gmt":"2021-02-19T10:44:05","guid":{"rendered":"https:\/\/micromagic-rc-segeln.de\/?page_id=2647"},"modified":"2021-03-11T13:47:29","modified_gmt":"2021-03-11T12:47:29","slug":"segelrevier-aachener-weicher-2","status":"publish","type":"page","link":"https:\/\/micromagic-rc-segeln.de\/?page_id=2647","title":{"rendered":"Segelrevier Niddatalsperre"},"content":{"rendered":"<p style=\"text-align: center;\"><img loading=\"lazy\" decoding=\"async\" class=\"alignnone size-medium wp-image-2710\" src=\"https:\/\/micromagic-rc-segeln.de\/wp-content\/uploads\/2021\/02\/map_hessen_niddastausee-300x168.png\" alt=\"\" width=\"300\" height=\"168\" srcset=\"https:\/\/micromagic-rc-segeln.de\/wp-content\/uploads\/2021\/02\/map_hessen_niddastausee-300x168.png 300w, https:\/\/micromagic-rc-segeln.de\/wp-content\/uploads\/2021\/02\/map_hessen_niddastausee-768x430.png 768w, https:\/\/micromagic-rc-segeln.de\/wp-content\/uploads\/2021\/02\/map_hessen_niddastausee-500x280.png 500w, https:\/\/micromagic-rc-segeln.de\/wp-content\/uploads\/2021\/02\/map_hessen_niddastausee.png 839w\" sizes=\"auto, (max-width: 300px) 100vw, 300px\" \/><\/p>\n<table style=\"border-collapse: collapse; width: 100%;\">\n<tbody>\n<tr>\n<td style=\"width: 50%; vertical-align: top;\">Ansprechpartner: <strong>Markus Pfeiffer<\/strong><br \/>\nLeihboot vorhanden: <strong>ja<\/strong><\/td>\n<td style=\"width: 50%; vertical-align: top;\"><a href=\"#Kontaktformular\">Kontaktanfrage<\/a><\/td>\n<\/tr>\n<\/tbody>\n<\/table>\n<p><img loading=\"lazy\" decoding=\"async\" class=\"alignnone size-full wp-image-2554\" src=\"https:\/\/micromagic-rc-segeln.de\/wp-content\/uploads\/2021\/02\/GMMC_2019_01.jpg\" alt=\"\" width=\"892\" height=\"595\" srcset=\"https:\/\/micromagic-rc-segeln.de\/wp-content\/uploads\/2021\/02\/GMMC_2019_01.jpg 892w, https:\/\/micromagic-rc-segeln.de\/wp-content\/uploads\/2021\/02\/GMMC_2019_01-300x200.jpg 300w, https:\/\/micromagic-rc-segeln.de\/wp-content\/uploads\/2021\/02\/GMMC_2019_01-768x512.jpg 768w, https:\/\/micromagic-rc-segeln.de\/wp-content\/uploads\/2021\/02\/GMMC_2019_01-450x300.jpg 450w\" sizes=\"auto, (max-width: 892px) 100vw, 892px\" \/><br \/>\n<span style=\"font-size: 12px;\">Bild von Petra Peiffer<\/span><\/p>\n<p>Die <b>Niddatalsperre<\/b> (Niddastausee) staut den Fluss Nidda und den zweiten Zulauf L\u00e4unsbach am westlichen Rand des Vogelsbergs. Der Stausee hat eine Fl\u00e4che von rund 65 Hektar. Er liegt im Vogelsbergkreis in der N\u00e4he und auf dem Gebiet von Schotten in Hessen. Die Niddatalsperre \u2013 von 1968 bis 1970 errichtet \u2013 geh\u00f6rt dem Wasserverband NIDDA mit Sitz in Friedberg und dient vorrangig dem Hochwasserschutz und der Niedrigwasseranreicherung in der Nidda w\u00e4hrend der abflussarmen Zeiten. Nebenbei dient die Talsperre auch der Stromerzeugung aus Wasserkraft sowie der Naherholung beziehungsweise dem Fremdenverkehr.<\/p>\n<p>An der Niddatalsperre ist der Wasser- und Fischereisportclub Schotten zuhause.<br \/>\nDer WFC-Schotten hat zwar nur eine kleine MM-Flotte doch veranstaltet er schon seit Jahren den German Micro Magic Cup.<\/p>\n<p>Besucht uns auf unserer Website <a class=\"postlink\" href=\"https:\/\/www.wfc-schotten.de\" target=\"_blank\" rel=\"noopener\">https:\/\/www.wfc-schotten.de<\/a> nun auch mit unserer Webcam mit Wetter unter <a class=\"postlink\" href=\"https:\/\/www.wfc-schotten.de\/wetter\/\" target=\"_blank\" rel=\"noopener\">https:\/\/www.wfc-schotten.de\/wetter\/.<\/a><\/p>\n<p><script src=\"https:\/\/www.windfinder.com\/widget\/forecast\/js\/nidda-stausee?unit_wave=m&#038;unit_rain=mm&#038;unit_temperature=c&#038;unit_wind=kts&#038;days=4&#038;show_day=1&#038;show_waves=0\"><\/script><noscript><a rel=\"nofollow\" href=\"https:\/\/www.windfinder.com\/forecast\/nidda-stausee?utm_source=forecast&#038;utm_medium=web&#038;utm_campaign=homepageweather&#038;utm_content=noscript-forecast\">Wind forecast for Nidda Stausee<\/a> provided by <a rel=\"nofollow\" href=\"https:\/\/www.windfinder.com?utm_source=forecast&#038;utm_medium=web&#038;utm_campaign=homepageweather&#038;utm_content=noscript-logo\">windfinder.com<\/a><\/noscript>&nbsp;<\/p>\n<p><strong><a id=\"Kontaktformular\"><\/a>Kontaktanfrage:<br \/>\n<\/strong>\n<div class=\"wpcf7 no-js\" id=\"wpcf7-f2555-o1\" lang=\"de-DE\" dir=\"ltr\" data-wpcf7-id=\"2555\">\n<div class=\"screen-reader-response\"><p role=\"status\" aria-live=\"polite\" aria-atomic=\"true\"><\/p> <ul><\/ul><\/div>\n<form action=\"\/index.php?rest_route=%2Fwp%2Fv2%2Fpages%2F2647#wpcf7-f2555-o1\" method=\"post\" class=\"wpcf7-form init\" aria-label=\"Kontaktformular\" novalidate=\"novalidate\" data-status=\"init\">\n<fieldset class=\"hidden-fields-container\"><input type=\"hidden\" name=\"_wpcf7\" value=\"2555\" \/><input type=\"hidden\" name=\"_wpcf7_version\" value=\"6.1.5\" \/><input type=\"hidden\" name=\"_wpcf7_locale\" value=\"de_DE\" \/><input type=\"hidden\" name=\"_wpcf7_unit_tag\" value=\"wpcf7-f2555-o1\" \/><input type=\"hidden\" name=\"_wpcf7_container_post\" value=\"0\" \/><input type=\"hidden\" name=\"_wpcf7_posted_data_hash\" value=\"\" \/><input type=\"hidden\" name=\"_wpcf7_recaptcha_response\" value=\"\" \/>\n<\/fieldset>\n<p><label> Name:<br \/>\n<span class=\"wpcf7-form-control-wrap\" data-name=\"your-name\"><input size=\"40\" maxlength=\"400\" class=\"wpcf7-form-control wpcf7-text wpcf7-validates-as-required\" aria-required=\"true\" aria-invalid=\"false\" value=\"\" type=\"text\" name=\"your-name\" \/><\/span> <\/label>\n<\/p>\n<p><label> E-Mail-Adresse:<br \/>\n<span class=\"wpcf7-form-control-wrap\" data-name=\"your-email\"><input size=\"40\" maxlength=\"400\" class=\"wpcf7-form-control wpcf7-email wpcf7-validates-as-required wpcf7-text wpcf7-validates-as-email\" aria-required=\"true\" aria-invalid=\"false\" value=\"\" type=\"email\" name=\"your-email\" \/><\/span> <\/label>\n<\/p>\n<p><span class=\"wpcf7-form-control-wrap\" data-name=\"radio-316\"><span class=\"wpcf7-form-control wpcf7-radio\"><span class=\"wpcf7-list-item first\"><label><input type=\"radio\" name=\"radio-316\" value=\"Ich habe noch keine Micro Magic und m\u00f6chte gerne einmal Probe segeln.\" checked=\"checked\" \/><span class=\"wpcf7-list-item-label\">Ich habe noch keine Micro Magic und m\u00f6chte gerne einmal Probe segeln.<\/span><\/label><\/span><span class=\"wpcf7-list-item last\"><label><input type=\"radio\" name=\"radio-316\" value=\"Ich habe schon eine Micro Magic und m\u00f6chte gerne mitsegeln.\" \/><span class=\"wpcf7-list-item-label\">Ich habe schon eine Micro Magic und m\u00f6chte gerne mitsegeln.<\/span><\/label><\/span><\/span><\/span>\n<\/p>\n<p><label> Nachricht:<br \/>\n<span class=\"wpcf7-form-control-wrap\" data-name=\"your-message\"><textarea cols=\"40\" rows=\"10\" maxlength=\"2000\" class=\"wpcf7-form-control wpcf7-textarea\" aria-invalid=\"false\" name=\"your-message\"><\/textarea><\/span> <\/label>\n<\/p>\n<p><input class=\"wpcf7-form-control wpcf7-submit has-spinner\" type=\"submit\" value=\"Anfrage senden\" \/>\n<\/p><div class=\"wpcf7-response-output\" aria-hidden=\"true\"><\/div>\n<\/form>\n<\/div>\n<\/p>\n","protected":false},"excerpt":{"rendered":"<p>Ansprechpartner: Markus Pfeiffer Leihboot vorhanden: ja Kontaktanfrage Bild von Petra Peiffer Die Niddatalsperre (Niddastausee) staut den Fluss Nidda und den zweiten Zulauf L\u00e4unsbach am westlichen Rand des Vogelsbergs. Der Stausee hat eine Fl\u00e4che von rund 65 Hektar. Er liegt im &hellip; <a href=\"https:\/\/micromagic-rc-segeln.de\/?page_id=2647\">Weiterlesen <span class=\"meta-nav\">&rarr;<\/span><\/a><\/p>\n","protected":false},"author":4,"featured_media":0,"parent":0,"menu_order":0,"comment_status":"closed","ping_status":"closed","template":"","meta":{"footnotes":""},"class_list":["post-2647","page","type-page","status-publish","hentry"],"_links":{"self":[{"href":"https:\/\/micromagic-rc-segeln.de\/index.php?rest_route=\/wp\/v2\/pages\/2647","targetHints":{"allow":["GET"]}}],"collection":[{"href":"https:\/\/micromagic-rc-segeln.de\/index.php?rest_route=\/wp\/v2\/pages"}],"about":[{"href":"https:\/\/micromagic-rc-segeln.de\/index.php?rest_route=\/wp\/v2\/types\/page"}],"author":[{"embeddable":true,"href":"https:\/\/micromagic-rc-segeln.de\/index.php?rest_route=\/wp\/v2\/users\/4"}],"replies":[{"embeddable":true,"href":"https:\/\/micromagic-rc-segeln.de\/index.php?rest_route=%2Fwp%2Fv2%2Fcomments&post=2647"}],"version-history":[{"count":7,"href":"https:\/\/micromagic-rc-segeln.de\/index.php?rest_route=\/wp\/v2\/pages\/2647\/revisions"}],"predecessor-version":[{"id":2925,"href":"https:\/\/micromagic-rc-segeln.de\/index.php?rest_route=\/wp\/v2\/pages\/2647\/revisions\/2925"}],"wp:attachment":[{"href":"https:\/\/micromagic-rc-segeln.de\/index.php?rest_route=%2Fwp%2Fv2%2Fmedia&parent=2647"}],"curies":[{"name":"wp","href":"https:\/\/api.w.org\/{rel}","templated":true}]}}