{"id":2641,"date":"2021-02-19T11:32:35","date_gmt":"2021-02-19T10:32:35","guid":{"rendered":"https:\/\/micromagic-rc-segeln.de\/?page_id=2641"},"modified":"2021-03-11T13:35:13","modified_gmt":"2021-03-11T12:35:13","slug":"segelrevier-bevertalsperre","status":"publish","type":"page","link":"https:\/\/micromagic-rc-segeln.de\/?page_id=2641","title":{"rendered":"Segelrevier Bevertalsperre"},"content":{"rendered":"<p style=\"text-align: center;\"><img loading=\"lazy\" decoding=\"async\" class=\"alignnone size-medium wp-image-2695\" src=\"https:\/\/micromagic-rc-segeln.de\/wp-content\/uploads\/2021\/02\/map_nrw_bevertalsperre-300x168.png\" alt=\"\" width=\"300\" height=\"168\" srcset=\"https:\/\/micromagic-rc-segeln.de\/wp-content\/uploads\/2021\/02\/map_nrw_bevertalsperre-300x168.png 300w, https:\/\/micromagic-rc-segeln.de\/wp-content\/uploads\/2021\/02\/map_nrw_bevertalsperre-768x430.png 768w, https:\/\/micromagic-rc-segeln.de\/wp-content\/uploads\/2021\/02\/map_nrw_bevertalsperre-500x280.png 500w, https:\/\/micromagic-rc-segeln.de\/wp-content\/uploads\/2021\/02\/map_nrw_bevertalsperre.png 1019w\" sizes=\"auto, (max-width: 300px) 100vw, 300px\" \/><\/p>\n<table style=\"border-collapse: collapse; width: 100%;\">\n<tbody>\n<tr>\n<td style=\"width: 50%; vertical-align: top;\">Ansprechpartner: <strong>Oliver Babik<\/strong><br \/>\nLeihboot vorhanden: <strong>ja<\/strong><\/td>\n<td style=\"width: 50%; vertical-align: top;\"><a href=\"#Kontaktformular\">Kontaktanfrage<\/a><\/td>\n<\/tr>\n<\/tbody>\n<\/table>\n<p><img loading=\"lazy\" decoding=\"async\" class=\"alignnone size-full wp-image-1549\" src=\"https:\/\/micromagic-rc-segeln.de\/wp-content\/uploads\/2019\/07\/MM-Regatta-Bevertalsperre-Startkreuz-2.jpg\" alt=\"\" width=\"1920\" height=\"1291\" srcset=\"https:\/\/micromagic-rc-segeln.de\/wp-content\/uploads\/2019\/07\/MM-Regatta-Bevertalsperre-Startkreuz-2.jpg 1920w, https:\/\/micromagic-rc-segeln.de\/wp-content\/uploads\/2019\/07\/MM-Regatta-Bevertalsperre-Startkreuz-2-300x202.jpg 300w, https:\/\/micromagic-rc-segeln.de\/wp-content\/uploads\/2019\/07\/MM-Regatta-Bevertalsperre-Startkreuz-2-768x516.jpg 768w, https:\/\/micromagic-rc-segeln.de\/wp-content\/uploads\/2019\/07\/MM-Regatta-Bevertalsperre-Startkreuz-2-1024x689.jpg 1024w, https:\/\/micromagic-rc-segeln.de\/wp-content\/uploads\/2019\/07\/MM-Regatta-Bevertalsperre-Startkreuz-2-446x300.jpg 446w\" sizes=\"auto, (max-width: 1920px) 100vw, 1920px\" \/><br \/>\n<span style=\"font-size: 12px;\">Bild von Emma Madu<\/span><\/p>\n<p>Die <b>Bevertalsperre<\/b> ist eine zwischen 1896 und 1898 erbaute Talsperre im Oberbergischen Kreis in Nordrhein-Westfalen. Sie liegt gr\u00f6\u00dftenteils im Stadtgebiet von H\u00fcckeswagen, zu geringen Teilen auch in Radevormwald und Wipperf\u00fcrth. Aufgestaut ist die Bever, ein Nebenfluss der Wupper.<br \/>\nAufgrund der H\u00f6henlage sind die Winter hier lang, aber daf\u00fcr die Sommer um so sch\u00f6ner. An diesem Revier sind einige Segelvereine beheimatet, einige der Mitglieder segeln auch MM. Es gibt um die Bevertalsperre keinen Rundweg, die Ufer sind von zum Teil steilen und bewaldeten Abschnitten gespr\u00e4gt. Viele begehbare Abschnitte am See sind Privatgel\u00e4nde. Bei Regatten und Trainings an der Bever treffen wir uns in der Regel nach entsprechender Anmeldung bei den Vereinen. Die Windbedingungen k\u00f6nnen sehr variieren, meistens hat man jedoch eher leichte, drehende Winde. Der ab dem Sommer warme See, l\u00e4d nach dem Segeln auch mal zum Schwimmen ein.<\/p>\n<p><script src=\"https:\/\/www.windfinder.com\/widget\/forecast\/js\/hueckeswagen?unit_wave=m&#038;unit_rain=mm&#038;unit_temperature=c&#038;unit_wind=kts&#038;days=4&#038;show_day=1&#038;show_waves=0\"><\/script><\/p>\n<p>&nbsp;<\/p>\n<p><strong><a id=\"Kontaktformular\"><\/a>Kontaktanfrage:<br \/>\n<\/strong>\n<div class=\"wpcf7 no-js\" id=\"wpcf7-f2544-o1\" lang=\"de-DE\" dir=\"ltr\" data-wpcf7-id=\"2544\">\n<div class=\"screen-reader-response\"><p role=\"status\" aria-live=\"polite\" aria-atomic=\"true\"><\/p> <ul><\/ul><\/div>\n<form action=\"\/index.php?rest_route=%2Fwp%2Fv2%2Fpages%2F2641#wpcf7-f2544-o1\" method=\"post\" class=\"wpcf7-form init\" aria-label=\"Kontaktformular\" novalidate=\"novalidate\" data-status=\"init\">\n<fieldset class=\"hidden-fields-container\"><input type=\"hidden\" name=\"_wpcf7\" value=\"2544\" \/><input type=\"hidden\" name=\"_wpcf7_version\" value=\"6.1.5\" \/><input type=\"hidden\" name=\"_wpcf7_locale\" value=\"de_DE\" \/><input type=\"hidden\" name=\"_wpcf7_unit_tag\" value=\"wpcf7-f2544-o1\" \/><input type=\"hidden\" name=\"_wpcf7_container_post\" value=\"0\" \/><input type=\"hidden\" name=\"_wpcf7_posted_data_hash\" value=\"\" \/><input type=\"hidden\" name=\"_wpcf7_recaptcha_response\" value=\"\" \/>\n<\/fieldset>\n<p><label> Name:<br \/>\n<span class=\"wpcf7-form-control-wrap\" data-name=\"your-name\"><input size=\"40\" maxlength=\"400\" class=\"wpcf7-form-control wpcf7-text wpcf7-validates-as-required\" aria-required=\"true\" aria-invalid=\"false\" value=\"\" type=\"text\" name=\"your-name\" \/><\/span> <\/label>\n<\/p>\n<p><label> E-Mail-Adresse:<br \/>\n<span class=\"wpcf7-form-control-wrap\" data-name=\"your-email\"><input size=\"40\" maxlength=\"400\" class=\"wpcf7-form-control wpcf7-email wpcf7-validates-as-required wpcf7-text wpcf7-validates-as-email\" aria-required=\"true\" aria-invalid=\"false\" value=\"\" type=\"email\" name=\"your-email\" \/><\/span> <\/label>\n<\/p>\n<p><span class=\"wpcf7-form-control-wrap\" data-name=\"radio-316\"><span class=\"wpcf7-form-control wpcf7-radio\"><span class=\"wpcf7-list-item first\"><label><input type=\"radio\" name=\"radio-316\" value=\"Ich habe noch keine Micro Magic und m\u00f6chte gerne einmal Probe segeln.\" checked=\"checked\" \/><span class=\"wpcf7-list-item-label\">Ich habe noch keine Micro Magic und m\u00f6chte gerne einmal Probe segeln.<\/span><\/label><\/span><span class=\"wpcf7-list-item last\"><label><input type=\"radio\" name=\"radio-316\" value=\"Ich habe schon eine Micro Magic und m\u00f6chte gerne mitsegeln.\" \/><span class=\"wpcf7-list-item-label\">Ich habe schon eine Micro Magic und m\u00f6chte gerne mitsegeln.<\/span><\/label><\/span><\/span><\/span>\n<\/p>\n<p><label> Nachricht:<br \/>\n<span class=\"wpcf7-form-control-wrap\" data-name=\"your-message\"><textarea cols=\"40\" rows=\"10\" maxlength=\"2000\" class=\"wpcf7-form-control wpcf7-textarea\" aria-invalid=\"false\" name=\"your-message\"><\/textarea><\/span> <\/label>\n<\/p>\n<p><input class=\"wpcf7-form-control wpcf7-submit has-spinner\" type=\"submit\" value=\"Anfrage senden\" \/>\n<\/p><div class=\"wpcf7-response-output\" aria-hidden=\"true\"><\/div>\n<\/form>\n<\/div>\n<\/p>\n","protected":false},"excerpt":{"rendered":"<p>Ansprechpartner: Oliver Babik Leihboot vorhanden: ja Kontaktanfrage Bild von Emma Madu Die Bevertalsperre ist eine zwischen 1896 und 1898 erbaute Talsperre im Oberbergischen Kreis in Nordrhein-Westfalen. Sie liegt gr\u00f6\u00dftenteils im Stadtgebiet von H\u00fcckeswagen, zu geringen Teilen auch in Radevormwald und &hellip; <a href=\"https:\/\/micromagic-rc-segeln.de\/?page_id=2641\">Weiterlesen <span class=\"meta-nav\">&rarr;<\/span><\/a><\/p>\n","protected":false},"author":4,"featured_media":0,"parent":0,"menu_order":0,"comment_status":"closed","ping_status":"closed","template":"","meta":{"footnotes":""},"class_list":["post-2641","page","type-page","status-publish","hentry"],"_links":{"self":[{"href":"https:\/\/micromagic-rc-segeln.de\/index.php?rest_route=\/wp\/v2\/pages\/2641","targetHints":{"allow":["GET"]}}],"collection":[{"href":"https:\/\/micromagic-rc-segeln.de\/index.php?rest_route=\/wp\/v2\/pages"}],"about":[{"href":"https:\/\/micromagic-rc-segeln.de\/index.php?rest_route=\/wp\/v2\/types\/page"}],"author":[{"embeddable":true,"href":"https:\/\/micromagic-rc-segeln.de\/index.php?rest_route=\/wp\/v2\/users\/4"}],"replies":[{"embeddable":true,"href":"https:\/\/micromagic-rc-segeln.de\/index.php?rest_route=%2Fwp%2Fv2%2Fcomments&post=2641"}],"version-history":[{"count":7,"href":"https:\/\/micromagic-rc-segeln.de\/index.php?rest_route=\/wp\/v2\/pages\/2641\/revisions"}],"predecessor-version":[{"id":2919,"href":"https:\/\/micromagic-rc-segeln.de\/index.php?rest_route=\/wp\/v2\/pages\/2641\/revisions\/2919"}],"wp:attachment":[{"href":"https:\/\/micromagic-rc-segeln.de\/index.php?rest_route=%2Fwp%2Fv2%2Fmedia&parent=2641"}],"curies":[{"name":"wp","href":"https:\/\/api.w.org\/{rel}","templated":true}]}}