{"id":2372,"date":"2020-12-08T17:19:22","date_gmt":"2020-12-08T16:19:22","guid":{"rendered":"https:\/\/micromagic-rc-segeln.de\/?page_id=2372"},"modified":"2020-12-09T15:46:09","modified_gmt":"2020-12-09T14:46:09","slug":"infos-fuer-einsteiger-2","status":"publish","type":"page","link":"https:\/\/micromagic-rc-segeln.de\/?page_id=2372","title":{"rendered":"Infos f\u00fcr Einsteiger"},"content":{"rendered":"<p>Ein Einstieg in das RC Modellsegeln ist mit der Micro Magic oder New Micro Magic recht einfach und ohne un\u00fcberwindbare Schwierigkeiten m\u00f6glich.<\/p>\n<p>Aber f\u00fcr jemanden, der sich bislang nicht mit Modellbau oder ferngesteuerten Segelbooten besch\u00e4ftigt hat, werden sich, wie bei fast bei neuen Projekten, diverse Fragen ergeben:<\/p>\n<ul>\n<li>Welcher Bootstyp ist der richtige?<\/li>\n<li>Was muss ich beim Bau beachten?<\/li>\n<li>Welche Fernsteuerung ist die richtige und wie viele Kan\u00e4le ben\u00f6toge ich?<\/li>\n<li>Welche Funktionen ben\u00f6tige ich, um die Segel richtig zu steuern?<\/li>\n<li>Brauche ich einen Motor und was ist, wenn der Wind weg ist?<\/li>\n<li>Welche Akkus nehme ich?<\/li>\n<li>Wie stelle ich das Boot ein und wie Trimme ich die Segel?<\/li>\n<li>Was tue ich bei zuviel Wind?<\/li>\n<li>Was muss ich bei einer Regatta beachten?<\/li>\n<\/ul>\n<p>Hier ein erster \u00dcberblick, der vielleicht schon die erste oder andere Frage beantwortet:<\/p>\n<p>Bevor man beginnt, sollte man sich auf unserer Webseite und im Forum die verf\u00fcgbaren Informationen sichten. Vielleicht ist auch kurzer ein Blick in die Bauanleitung hilfreich, um sich einen ersten \u00dcberblick zu verschaffen. Die Bauanleitungen und die Baupl\u00e4ne findet sich zum Download auf unserer Webseite.<\/p>\n<p><strong>Einstiegsm\u00f6glichkeiten:<\/strong><\/p>\n<p>Die New Micro Magic wird seit der Insolvenz der Graupner\/SJ GmbH von der Hacker Model Production a. s. in Tschechien in unterschiedlichen Versionen hergestellt.<\/p>\n<p><img loading=\"lazy\" decoding=\"async\" class=\"alignnone size-full wp-image-2381\" src=\"https:\/\/micromagic-rc-segeln.de\/wp-content\/uploads\/2020\/12\/mm_foto_06.jpg\" alt=\"\" width=\"800\" height=\"800\" srcset=\"https:\/\/micromagic-rc-segeln.de\/wp-content\/uploads\/2020\/12\/mm_foto_06.jpg 800w, https:\/\/micromagic-rc-segeln.de\/wp-content\/uploads\/2020\/12\/mm_foto_06-300x300.jpg 300w, https:\/\/micromagic-rc-segeln.de\/wp-content\/uploads\/2020\/12\/mm_foto_06-150x150.jpg 150w, https:\/\/micromagic-rc-segeln.de\/wp-content\/uploads\/2020\/12\/mm_foto_06-768x768.jpg 768w\" sizes=\"auto, (max-width: 800px) 100vw, 800px\" \/><\/p>\n<p>&nbsp;<\/p>\n<p><span style=\"text-decoration: underline;\">Die New Micro Magic 2020 ARTR<br \/>\n<\/span>Als Neueinsteiger in der Modellbauszene wird man auf diese Weise z\u00fcgig zu einem segelfertigen Boot kommen, dessen Aufbau deutlich weniger Zeit und Modellbaugeschick beansprucht, als ein kompletter Neuaufbau aus einem Baukasten.<\/p>\n<p>Die New Micro Magic 2020 ARTR ist kein komplettes Fertigboot, sondern besteht aus einem vorgefertigten Rumpf in unterschiedlichen Ausbaustufen. Es werden aktuell 3 Versionen angeboten:<\/p>\n<ul>\n<li>ARTR-Version:<br \/>\nRumpf, Deck und Kielkasten sind fertig verklebt.<\/li>\n<li>ARTR+-Version:<br \/>\nRumpf, Deck und Kielkasten sind fertig verklebt. Der Rumpf ist bereits mit den beiden erforderlichen Servos f\u00fcr Segel- und Ruderverstellung ausgestattet.<\/li>\n<li>ARTR++-Version:<br \/>\nRumpf, Deck und Kielkasten sind fertig verklebt. Der Rumpf ist bereits mit den beiden erforderlichen Servos f\u00fcr Segel- und Ruderverstellung ausgestattet. Dem Modell liegt eine 2,4GHz 6-Kanal Fernsteuerung und der passende Empf\u00e4nger bei.<\/li>\n<\/ul>\n<p><img loading=\"lazy\" decoding=\"async\" class=\"alignnone size-full wp-image-2391\" src=\"https:\/\/micromagic-rc-segeln.de\/wp-content\/uploads\/2020\/12\/mm_box_ARTR_02.jpg\" alt=\"\" width=\"800\" height=\"800\" srcset=\"https:\/\/micromagic-rc-segeln.de\/wp-content\/uploads\/2020\/12\/mm_box_ARTR_02.jpg 800w, https:\/\/micromagic-rc-segeln.de\/wp-content\/uploads\/2020\/12\/mm_box_ARTR_02-300x300.jpg 300w, https:\/\/micromagic-rc-segeln.de\/wp-content\/uploads\/2020\/12\/mm_box_ARTR_02-150x150.jpg 150w, https:\/\/micromagic-rc-segeln.de\/wp-content\/uploads\/2020\/12\/mm_box_ARTR_02-768x768.jpg 768w\" sizes=\"auto, (max-width: 800px) 100vw, 800px\" \/><img loading=\"lazy\" decoding=\"async\" class=\"alignnone size-full wp-image-2392\" src=\"https:\/\/micromagic-rc-segeln.de\/wp-content\/uploads\/2020\/12\/mm_box_ARTR_01.jpg\" alt=\"\" width=\"800\" height=\"800\" srcset=\"https:\/\/micromagic-rc-segeln.de\/wp-content\/uploads\/2020\/12\/mm_box_ARTR_01.jpg 800w, https:\/\/micromagic-rc-segeln.de\/wp-content\/uploads\/2020\/12\/mm_box_ARTR_01-300x300.jpg 300w, https:\/\/micromagic-rc-segeln.de\/wp-content\/uploads\/2020\/12\/mm_box_ARTR_01-150x150.jpg 150w, https:\/\/micromagic-rc-segeln.de\/wp-content\/uploads\/2020\/12\/mm_box_ARTR_01-768x768.jpg 768w\" sizes=\"auto, (max-width: 800px) 100vw, 800px\" \/><\/p>\n<p>Enthalten ist in der Lieferung der 3 ARTR-Versionen immer alles, was f\u00fcr deren restlichen Bau des Bootes erforderlich ist. Der Bootsrumpf ist fertig aufgebaut. Der K\u00e4ufer muss daran abschlie\u00dfende Montagearbeiten vornehmen. Dar\u00fcber hinaus muss er das Rigg mit den Segeln erstellen, den Kiel mit dem Kielgewicht verkleben und die Fernsteuerung einbauen. Dies sind Arbeiten, die f\u00fcr einen absoluten Anf\u00e4nger schwierig sind \u2013 der sollte sich dazu vielleicht eine kundige Unterst\u00fctzung dazu holen. Einen Eindruck \u00fcber die anfallende Arbeit vermittelt wie schon eingangs geschrieben die Bauanleitung der Fa. Hacker, die auf unserer Webseite zum Download zur Verf\u00fcgung steht.<\/p>\n<p><strong>\u00a0<\/strong><\/p>\n<p><span style=\"text-decoration: underline;\">Die New Micro Magic 2020 Kit<\/span><br \/>\nWer schon mal ein Modellboot aus einem Bausatz aufgebaut hat, kann auf diesem Weg zu einer MM kommen. Ein absoluter Modellbau \u2013 Neuling sollte sich dies aber gr\u00fcndlich \u00fcberlegen.<\/p>\n<p>Im New Micro Magic Kit sind alle f\u00fcr den Bau des Bootes notwendigen Teile enthalten sind.<\/p>\n<p><img loading=\"lazy\" decoding=\"async\" class=\"alignnone size-full wp-image-2389\" src=\"https:\/\/micromagic-rc-segeln.de\/wp-content\/uploads\/2020\/12\/mm_box_KIT_02.jpg\" alt=\"\" width=\"800\" height=\"800\" srcset=\"https:\/\/micromagic-rc-segeln.de\/wp-content\/uploads\/2020\/12\/mm_box_KIT_02.jpg 800w, https:\/\/micromagic-rc-segeln.de\/wp-content\/uploads\/2020\/12\/mm_box_KIT_02-300x300.jpg 300w, https:\/\/micromagic-rc-segeln.de\/wp-content\/uploads\/2020\/12\/mm_box_KIT_02-150x150.jpg 150w, https:\/\/micromagic-rc-segeln.de\/wp-content\/uploads\/2020\/12\/mm_box_KIT_02-768x768.jpg 768w\" sizes=\"auto, (max-width: 800px) 100vw, 800px\" \/><img loading=\"lazy\" decoding=\"async\" class=\"alignnone size-full wp-image-2390\" src=\"https:\/\/micromagic-rc-segeln.de\/wp-content\/uploads\/2020\/12\/mm_box_KIT_01.jpg\" alt=\"\" width=\"800\" height=\"800\" srcset=\"https:\/\/micromagic-rc-segeln.de\/wp-content\/uploads\/2020\/12\/mm_box_KIT_01.jpg 800w, https:\/\/micromagic-rc-segeln.de\/wp-content\/uploads\/2020\/12\/mm_box_KIT_01-300x300.jpg 300w, https:\/\/micromagic-rc-segeln.de\/wp-content\/uploads\/2020\/12\/mm_box_KIT_01-150x150.jpg 150w, https:\/\/micromagic-rc-segeln.de\/wp-content\/uploads\/2020\/12\/mm_box_KIT_01-768x768.jpg 768w\" sizes=\"auto, (max-width: 800px) 100vw, 800px\" \/><\/p>\n<p>Zus\u00e4tzlich ben\u00f6tigt werden noch:<\/p>\n<ul>\n<li>Eine Fernsteuerung 2,4 GHz. Diese gibt es z. B. als Set aus Sender und Empf\u00e4nger, oft mit einfachen, ausreichenden Standardservos.<\/li>\n<li>Eine MM braucht im allgemeinen zwei Servos, eins f\u00fcr die Ruderverstellung, eins f\u00fcr die Segelverstellung. Die genannten Standardservos aus Sets reichen f\u00fcr den Start in aller Regel aus.<\/li>\n<\/ul>\n<p><img loading=\"lazy\" decoding=\"async\" class=\"alignnone size-full wp-image-2387\" src=\"https:\/\/micromagic-rc-segeln.de\/wp-content\/uploads\/2020\/12\/mm_box_servo_02.jpg\" alt=\"\" width=\"800\" height=\"800\" srcset=\"https:\/\/micromagic-rc-segeln.de\/wp-content\/uploads\/2020\/12\/mm_box_servo_02.jpg 800w, https:\/\/micromagic-rc-segeln.de\/wp-content\/uploads\/2020\/12\/mm_box_servo_02-300x300.jpg 300w, https:\/\/micromagic-rc-segeln.de\/wp-content\/uploads\/2020\/12\/mm_box_servo_02-150x150.jpg 150w, https:\/\/micromagic-rc-segeln.de\/wp-content\/uploads\/2020\/12\/mm_box_servo_02-768x768.jpg 768w\" sizes=\"auto, (max-width: 800px) 100vw, 800px\" \/><\/p>\n<p>Man kann sich aber auch direkt als Ruderservo ein kleines Micro-Servos aus der 8-10g Klasse besorgen. Das Servo f\u00fcr die Segelverstellung darf kr\u00e4ftiger und robuster sein (Drehmoment ab ca. 35 Ncm aufw\u00e4rts, Metallgetriebe), solche gibt es als Mini-Servos mit ca. 20g, f\u00fcr den Anfang darf es aber auch universeller\/stabiler sein mit der Midi-Gr\u00f6\u00dfe um 30g.<\/p>\n<p>F\u00fcr die nach deutschen Bootsregeln zul\u00e4ssige Fockschot &#8211; Trimmung kann man ein Servo der Micro-Gr\u00f6\u00dfe vorsehen, dies ist aber nur eine Ausbauoption und nicht zwingend.<\/p>\n<ul>\n<li>F\u00fcr die Stromversorgung von Empf\u00e4nger und Sender macht der Hersteller Vorgaben, nach denen man sich aus dem reichhaltigen Angebot das Passende aussucht. An ein passendes Ladeger\u00e4t denken\u2026<\/li>\n<li>Klebstoffe: Sekundenkleber d\u00fcnnfl\u00fcssig \/ Uhu Plast Special. F\u00fcr die Verklebung von Kielbox, Kielgewicht und Ruderachse bitte in der Bauanleitung des Herstellers nachsehen.<\/li>\n<li>Soweit nicht vorhanden, etwas Werkzeug: z.B. kleiner Satz Kreuzschlitz-Schraubendreher, Cuttermesser, kleine Flachzange, eine kleine B\u00fcgels\u00e4ge \/ Laubs\u00e4ge mit Metalls\u00e4geblatt, einen Schleifklotz und Schleifpapier (K\u00f6rnung 180, 360 und 500), eine d\u00fcnne Rundfeile und eine Flachfeile, ein paar Bohrer 1-1,5-2-3-4 mm, Klebeband und ggfs. Lacke.<\/li>\n<\/ul>\n<p>&nbsp;<\/p>\n<p><span style=\"text-decoration: underline;\">Die New Micro Magic 2020<\/span><br \/>\nF\u00fcr diejenigen MM Segler, die bereits einen Boots- und Materialbestand haben, bietet sich evtl. der Kauf des fertig verklebten Rumpfs der New Micro Magic an. Da spart man sich Arbeit und den Erwerb nicht ben\u00f6tigten Materials. Den Rumpf kann man mit vorhandenen Materialbest\u00e4nden dann zu einer kompletten New Micro Magic aufbauen.<\/p>\n<p>Immer gilt: Den Bausatzinhalt vor dem Start auf Vollst\u00e4ndigkeit pr\u00fcfen \u2013 fehlen Teile, kann man dies \u00fcber seinen H\u00e4ndler oder direkt beim Hersteller unter Angabe der fehlenden Teilenummer(n) reklamieren.<br \/>\nZuhause kann das Modell durchaus auf einem kleinen Tisch gebaut werden, das geht auch im Wohnzimmer, denn es f\u00e4llt nicht viel \u201eBastelstaub\u201c an.<br \/>\nEs wird so ca. eine Woche dauern, wenn man das Modell an einigen Abenden zusammenbaut. Manche schaffen es konzentriert und mit Erfahrung auch innerhalb von ein bis zwei Tagen. F\u00fcr eine Lackierung muss man allerdings Trockenzeiten einplanen.<\/p>\n<p>&nbsp;<\/p>\n<p><span style=\"text-decoration: underline;\">Ein Gebrauchtboot<\/span><strong><br \/>\n<\/strong>Dazu kann im Forum der Marktplatz helfen. Man findet auch immer wieder Angebote in den bekannten Online-Auktionsplattformen oder Kleinanzeigenprotalen.<\/p>\n<p>Da gelten die \u00fcblichen Hinweise, was so alles bei einem Erwerb von Gebrauchtartikeln zu beachten ist \u2013 aber in der ersten Begeisterung oft vergessen\/verdr\u00e4ngt wird\u2026<\/p>\n<p>Eine Micro Magic wird aufgrund der \u00fcberschaubaren Anschaffungskosten oft spontan gekauft. Angebote sollte man genau pr\u00fcfen: Es gibt schonmal Boote, die u. U. nicht so gut gebaut wurden. Nicht alle m\u00f6glichen Baufehler sind dabei auf Fotos zu erkennen, z. B. unzureichende Verklebungen, die dann undicht sind. Daher etwas aufpassen, eine u. U. attraktive farbliche Gestaltung kann \u00fcber so manchen Baufehler hinwegt\u00e4uschen. Auch k\u00f6nnen eingebaute RC \u2013 Komponenten durch unsachgem\u00e4\u00dfen Gebrauch vorgesch\u00e4digt oder \u00fcberaltert sein. Es ist zwar vieles meist reparierbar, machmal bedarf es aber einem gr\u00f6\u00dferen Aufwand, um z. B. eine undichte Verklebung am Kielkasten abzudichten.<\/p>\n<p>Die Variante Gebrauchtboot kann aber dennoch ein guter Weg sein, den man aber aufmerksam angehen sollte \u2013 und am besten vor einem Kauf das Objekt der Begierde pers\u00f6nlich in Augenschein nehmen.<\/p>\n<p>&nbsp;<\/p>\n<p><span style=\"text-decoration: underline;\">Ein vom Fachmann gebautes Boot<\/span><strong><br \/>\n<\/strong>Man kann sich m\u00f6glicherweise auch eine MM zusammenbauen lassen. Quasi eine RTR, die nur eben vom Spezialisten im Auftrag mittels eines Bausatzes nach individuellen W\u00fcnschen zusammengebaut wird. Diese M\u00f6glichkeit muss man aber suchen, im Moment sind keine Angebote bekannt, aber Fragen im Forum kostet sicherlich nichts.<\/p>\n<p>Jeder Bootsbauer oder Interessent ist eingeladen, sich im Forum zu registrieren und dort seine Fragen zu stellen.<\/p>\n<p>Wir danken der <a href=\"https:\/\/hacker-model.com\/shop\/\" target=\"_blank\" rel=\"noopener noreferrer\">Hacker Model Production s. a.<\/a> f\u00fcr das zur Verf\u00fcgung gestellte Bildmaterial.<\/p>\n<p><span style=\"font-size: 12px;\">Stand: Dezember 2020<br \/>\n<\/span><\/p>\n<p>&nbsp;<\/p>\n","protected":false},"excerpt":{"rendered":"<p>Ein Einstieg in das RC Modellsegeln ist mit der Micro Magic oder New Micro Magic recht einfach und ohne un\u00fcberwindbare Schwierigkeiten m\u00f6glich. Aber f\u00fcr jemanden, der sich bislang nicht mit Modellbau oder ferngesteuerten Segelbooten besch\u00e4ftigt hat, werden sich, wie bei &hellip; <a href=\"https:\/\/micromagic-rc-segeln.de\/?page_id=2372\">Weiterlesen <span class=\"meta-nav\">&rarr;<\/span><\/a><\/p>\n","protected":false},"author":4,"featured_media":0,"parent":59,"menu_order":0,"comment_status":"closed","ping_status":"closed","template":"","meta":{"footnotes":""},"class_list":["post-2372","page","type-page","status-publish","hentry"],"_links":{"self":[{"href":"https:\/\/micromagic-rc-segeln.de\/index.php?rest_route=\/wp\/v2\/pages\/2372","targetHints":{"allow":["GET"]}}],"collection":[{"href":"https:\/\/micromagic-rc-segeln.de\/index.php?rest_route=\/wp\/v2\/pages"}],"about":[{"href":"https:\/\/micromagic-rc-segeln.de\/index.php?rest_route=\/wp\/v2\/types\/page"}],"author":[{"embeddable":true,"href":"https:\/\/micromagic-rc-segeln.de\/index.php?rest_route=\/wp\/v2\/users\/4"}],"replies":[{"embeddable":true,"href":"https:\/\/micromagic-rc-segeln.de\/index.php?rest_route=%2Fwp%2Fv2%2Fcomments&post=2372"}],"version-history":[{"count":14,"href":"https:\/\/micromagic-rc-segeln.de\/index.php?rest_route=\/wp\/v2\/pages\/2372\/revisions"}],"predecessor-version":[{"id":2410,"href":"https:\/\/micromagic-rc-segeln.de\/index.php?rest_route=\/wp\/v2\/pages\/2372\/revisions\/2410"}],"up":[{"embeddable":true,"href":"https:\/\/micromagic-rc-segeln.de\/index.php?rest_route=\/wp\/v2\/pages\/59"}],"wp:attachment":[{"href":"https:\/\/micromagic-rc-segeln.de\/index.php?rest_route=%2Fwp%2Fv2%2Fmedia&parent=2372"}],"curies":[{"name":"wp","href":"https:\/\/api.w.org\/{rel}","templated":true}]}}