{"id":193,"date":"2016-08-21T15:15:05","date_gmt":"2016-08-21T13:15:05","guid":{"rendered":"http:\/\/micro-magic.de\/?page_id=193"},"modified":"2018-08-17T14:34:35","modified_gmt":"2018-08-17T12:34:35","slug":"segeleigenschaften","status":"publish","type":"page","link":"https:\/\/micromagic-rc-segeln.de\/?page_id=193","title":{"rendered":"Segeln"},"content":{"rendered":"<p>Die kleinen Abmessungen und der sportliche Eindruck der Micro Magic machen ihren besonderen Reiz als RC Segelboot aus.<br \/>\nAber da bekanntlich der Antriebsmotor der Wind ist, spielen die Segeleigenschaften der MM die entscheidende Rolle.<\/p>\n<p>Die MM reagiert sensibel auf Wind, Wellen, Steuerbefehle sowie den Trimm von Boot, Rigg und Segel. Hohe Kursstabilit\u00e4t und dadurch &#8222;Ruhe&#8220; beim Segeln sind aufgrund der geringen Gr\u00f6\u00dfe, des geringen Gewichtes und angesichts der Rumpfauslegung nicht ausgepr\u00e4gt. Die MM muss stets &#8222;aktiv&#8220; und aufmerksam gesegelt werden &#8211; das Boot einmal auf Kurs legen und dann laufen lassen, das wird selten gelingen.<\/p>\n<p>So ist die Micro Magic kein ganz einfach zu segelndes Boot &#8211; nicht f\u00fcr &#8222;Neulinge&#8220; des RC Segelns und auch nicht f\u00fcr RC Segler aus anderen Bootsklassen.<br \/>\nSie ist f\u00fcr RC Segler geeignet, die sich dieser Herausforderung bewusst sind und diese als spa\u00dfbringenden Bestandteil des Hobbies betrachten.<\/p>\n<p>Genau diese Herausforderung bringt viele Segler zur MM. Es braucht einige \u00dcbung und gutes Reaktionsverm\u00f6gen, um das Boot gut zu segeln. Aber einmal erlernt bringt es dann sehr viel Spa\u00df, die F\u00e4higkeiten der MM auszureizen.<\/p>\n<p>Regattasegeln verlangt erst recht Erfahrungen. Der Skipper muss wissen, wie das Boot reagiert, was Segel-, Rigg- und Gewichtstrimm bewirken, welche Windlage auf dem Wasser herrscht, welche Regattataktik angebracht ist, welche Wegerechtregeln zu beachten sind usw.<\/p>\n<p>Die Micro Magic war eigentlich nicht f\u00fcr raues Wasser und st\u00e4rkeren Wind (&gt; 3 Bft.) konstruiert worden, sondern wurde mit ihrer relativ gro\u00dfen Segelfl\u00e4che f\u00fcr ruhige Binnengew\u00e4sser mit leichtem bis m\u00e4\u00dfigem Wind ausgelegt. Aber das Boot wird international bei unver\u00e4ndertem Kielgewicht, aber kleineren Riggs auch bis 6 Bft. gesegelt. Und damit bleibt es auch bei ruppigen Einsatzbedingungen segelf\u00e4hig. Wer das nicht mal gesehen hat (es gibt zahlreiche Videos dazu), der kann sich dies kaum vorstellen. In Deutschland ist eine Steigerung des Einsatzspektrums durch Verwendung von schwereren Kielen \u00fcblich. Anstelle des Standardkiel mit ca. 400g werden dann Kiele mit bis zu 650g Gewicht eingesetzt, womit die MM starkwindtauglich ist. Durch das h\u00f6here Gewicht kann man den normalen Segelsatz (Segelgr\u00f6\u00dfe A) l\u00e4nger verwenden und die h\u00f6here Bootsmasse bringt besseres Durchsetzungsverm\u00f6gen in Wellen.<\/p>\n<p>Wir hoffen nat\u00fcrlich, mit diesen Beschreibungen der MM ihr Interesse geweckt zu haben.<br \/>\nWie immer muss jeder f\u00fcr sich herausfinden, ob er mit der Micro Magic seinen Spa\u00df haben kann.<\/p>\n<p>Neben der Bootstechnik spielt die Community beim Hobby eine wichtige Rolle.<br \/>\nUnd das Miteinander und den gemeinsamen Segelspa\u00df mit der Micro Magic zu f\u00f6rdern &#8211; das haben wir uns auf die Fahne geschrieben!<\/p>\n<p>(Ursprungstext: T. Dreyer, \u00dcberarbeitung: M. Clemens)<\/p>\n","protected":false},"excerpt":{"rendered":"<p>Die kleinen Abmessungen und der sportliche Eindruck der Micro Magic machen ihren besonderen Reiz als RC Segelboot aus. Aber da bekanntlich der Antriebsmotor der Wind ist, spielen die Segeleigenschaften der MM die entscheidende Rolle. Die MM reagiert sensibel auf Wind, &hellip; <a href=\"https:\/\/micromagic-rc-segeln.de\/?page_id=193\">Weiterlesen <span class=\"meta-nav\">&rarr;<\/span><\/a><\/p>\n","protected":false},"author":1,"featured_media":0,"parent":59,"menu_order":0,"comment_status":"closed","ping_status":"closed","template":"","meta":{"footnotes":""},"class_list":["post-193","page","type-page","status-publish","hentry"],"_links":{"self":[{"href":"https:\/\/micromagic-rc-segeln.de\/index.php?rest_route=\/wp\/v2\/pages\/193","targetHints":{"allow":["GET"]}}],"collection":[{"href":"https:\/\/micromagic-rc-segeln.de\/index.php?rest_route=\/wp\/v2\/pages"}],"about":[{"href":"https:\/\/micromagic-rc-segeln.de\/index.php?rest_route=\/wp\/v2\/types\/page"}],"author":[{"embeddable":true,"href":"https:\/\/micromagic-rc-segeln.de\/index.php?rest_route=\/wp\/v2\/users\/1"}],"replies":[{"embeddable":true,"href":"https:\/\/micromagic-rc-segeln.de\/index.php?rest_route=%2Fwp%2Fv2%2Fcomments&post=193"}],"version-history":[{"count":22,"href":"https:\/\/micromagic-rc-segeln.de\/index.php?rest_route=\/wp\/v2\/pages\/193\/revisions"}],"predecessor-version":[{"id":1036,"href":"https:\/\/micromagic-rc-segeln.de\/index.php?rest_route=\/wp\/v2\/pages\/193\/revisions\/1036"}],"up":[{"embeddable":true,"href":"https:\/\/micromagic-rc-segeln.de\/index.php?rest_route=\/wp\/v2\/pages\/59"}],"wp:attachment":[{"href":"https:\/\/micromagic-rc-segeln.de\/index.php?rest_route=%2Fwp%2Fv2%2Fmedia&parent=193"}],"curies":[{"name":"wp","href":"https:\/\/api.w.org\/{rel}","templated":true}]}}