{"id":181,"date":"2016-08-21T14:37:00","date_gmt":"2016-08-21T12:37:00","guid":{"rendered":"http:\/\/micro-magic.de\/?page_id=181"},"modified":"2020-12-09T10:45:55","modified_gmt":"2020-12-09T09:45:55","slug":"eine-produktbeschreibung","status":"publish","type":"page","link":"https:\/\/micromagic-rc-segeln.de\/?page_id=181","title":{"rendered":"Der Weg zum eigenen Boot"},"content":{"rendered":"<p>Es gibt mindestens drei M\u00f6glichkeiten, zu einem Micro Magic \/ New Micro Magic RC Segelboot zu kommen:<\/p>\n<ul>\n<li>Ein teilweise vorgefertigtes Boot, eine Version der New Micro Magic ARTR kaufen und zu Ende bauen<\/li>\n<li>Einen Bausatz, ein New Micro Magic Kit, kaufen und das Modell aufbauen<\/li>\n<li>Ein (komplett ausgestattetes) Gebrauchtboot kaufen<\/li>\n<\/ul>\n<p>F\u00fcr einen ersten \u00dcberblick \u00fcber ein solches Projekt hier einige Erl\u00e4uterungen zum Bausatz:<\/p>\n<p>Aus dem teilweise vorgefertigten Teilesatz in einer der New Micro Magic ARTR-Versionen oder dem Bausatz New Micro Magic Kit kann die MM mit wenigen Werkzeugen erstellt werden.<\/p>\n<p><img loading=\"lazy\" decoding=\"async\" class=\"alignnone size-full wp-image-2389\" src=\"https:\/\/micromagic-rc-segeln.de\/wp-content\/uploads\/2020\/12\/mm_box_KIT_02.jpg\" alt=\"\" width=\"800\" height=\"800\" srcset=\"https:\/\/micromagic-rc-segeln.de\/wp-content\/uploads\/2020\/12\/mm_box_KIT_02.jpg 800w, https:\/\/micromagic-rc-segeln.de\/wp-content\/uploads\/2020\/12\/mm_box_KIT_02-300x300.jpg 300w, https:\/\/micromagic-rc-segeln.de\/wp-content\/uploads\/2020\/12\/mm_box_KIT_02-150x150.jpg 150w, https:\/\/micromagic-rc-segeln.de\/wp-content\/uploads\/2020\/12\/mm_box_KIT_02-768x768.jpg 768w\" sizes=\"auto, (max-width: 800px) 100vw, 800px\" \/><br \/>\n<img loading=\"lazy\" decoding=\"async\" class=\"alignnone size-full wp-image-2390\" src=\"https:\/\/micromagic-rc-segeln.de\/wp-content\/uploads\/2020\/12\/mm_box_KIT_01.jpg\" alt=\"\" width=\"800\" height=\"800\" srcset=\"https:\/\/micromagic-rc-segeln.de\/wp-content\/uploads\/2020\/12\/mm_box_KIT_01.jpg 800w, https:\/\/micromagic-rc-segeln.de\/wp-content\/uploads\/2020\/12\/mm_box_KIT_01-300x300.jpg 300w, https:\/\/micromagic-rc-segeln.de\/wp-content\/uploads\/2020\/12\/mm_box_KIT_01-150x150.jpg 150w, https:\/\/micromagic-rc-segeln.de\/wp-content\/uploads\/2020\/12\/mm_box_KIT_01-768x768.jpg 768w\" sizes=\"auto, (max-width: 800px) 100vw, 800px\" \/><\/p>\n<p>Bis auf Werkzeug und Klebstoffe und der Fernsteuerung, diese ist in der ARTR++-Version ebenfalls enthalten, ist alles an Boots-Bauteilen incl. Rigg und Segel enthalten. Je nach Variante erh\u00e4lt man einen fertig verklebten Bootsk\u00f6rper oder muss diesen selbst aufbauen.<br \/>\nTrotz einer je nach Variante, relativ hohen Vorfertigung ist es aber kein Fast-Fertig-Steck-Schraub-Montage-Bausatz. Einige einfache handwerkliche Arbeiten (z.B. Bohren, etwas Schleifen, sorgf\u00e4ltiges Kleben, Bauteile an einigen Ecken sauber anpassen) sind beim Bau (\u201enomen est omen\u201c) n\u00f6tig.<\/p>\n<p>Der Bootsk\u00f6rper entsteht aus einer Rumpf- und einer Deckschale sowie einer Haube. Diese Teile sind aus ABS Kunststoff tiefgezogen. Die Rumpfschale hat einen kleinen umlaufenden Rand, auf den die Deckschale verklebt wird. Weitere Teile des Bausatzes sind aus Polyamid per 3D-SLS Druck hergestellt, aus ABS-Platten gefr\u00e4st oder per Spritzguss erstellt.<\/p>\n<p>Der abnehmbare, relativ kurze Kiel besteht aus einer d\u00fcnnen, profilierten Kunststoff-Kielflosse mit einem angeh\u00e4ngten Ballastgewicht aus ca. 380 g schweren Metallguss, ganz im Stil moderner Regattaboote. Das Ballastgewicht muss lackiert werden, damit keine Verbindung des Metalls mit Wasser zustande kommt. Das profilierte Kunststoff-Ruderblatt mit Metallachse ist nach etwas Feinschliff sofort einsetzbar.<\/p>\n<p>Die Fernsteuerung kann eine Standardanlage sein (Frequenzbereich 2,4 GHz), welche durch die Zugriffs\u00f6ffnung im Deck erreichbar ist. Eine Haube in angedeuteter Kaj\u00fcten &#8211; Form verschlie\u00dft diese \u00d6ffnung. Die Segelansteuerung erfolgt \u00fcber ein Segelservo mit Doppelarm. Das Ruder wird \u00fcber Seilz\u00fcge oder eine Schubstange angesteuert.<\/p>\n<p>Das komplette Rigg mitsamt Segeln ist mit wenigen Handgriffen vom Boot abnehmbar. Der Mast steckt in einer ovalen Masttasche im Rumpf und wird mit einer Fixierungsplatte in seiner Neigung getrimmt.<\/p>\n<p>Eine Lackierung schlie\u00dft den Bau des Bootes ab, neben farblicher Gestaltung wird ABS Kunststoff des Bootes etwas besser gegen Alterung z. B. durch UV-Licht gesch\u00fctzt.<\/p>\n<p>Auf der Webseite und im Forum finden sich zahlreiche Informationen, f\u00fcr die New Micro Magic gibt es die Bauanleitung des Herstellers <a href=\"http:\/\/micromagic-rc-segeln.de\/?page_id=150\">hier<\/a>.<\/p>\n<p>Wir danken der <a href=\"https:\/\/hacker-model.com\/shop\/\" target=\"_blank\" rel=\"noopener noreferrer\">Hacker Model Production s. a.<\/a> f\u00fcr das zur Verf\u00fcgung gestellte Bildmaterial.<\/p>\n<p><span style=\"font-size: 12px;\">Stand: Dezember 2020<br \/>\n<\/span><\/p>\n","protected":false},"excerpt":{"rendered":"<p>Es gibt mindestens drei M\u00f6glichkeiten, zu einem Micro Magic \/ New Micro Magic RC Segelboot zu kommen: Ein teilweise vorgefertigtes Boot, eine Version der New Micro Magic ARTR kaufen und zu Ende bauen Einen Bausatz, ein New Micro Magic Kit, &hellip; <a href=\"https:\/\/micromagic-rc-segeln.de\/?page_id=181\">Weiterlesen <span class=\"meta-nav\">&rarr;<\/span><\/a><\/p>\n","protected":false},"author":1,"featured_media":0,"parent":59,"menu_order":0,"comment_status":"closed","ping_status":"closed","template":"","meta":{"footnotes":""},"class_list":["post-181","page","type-page","status-publish","hentry"],"_links":{"self":[{"href":"https:\/\/micromagic-rc-segeln.de\/index.php?rest_route=\/wp\/v2\/pages\/181","targetHints":{"allow":["GET"]}}],"collection":[{"href":"https:\/\/micromagic-rc-segeln.de\/index.php?rest_route=\/wp\/v2\/pages"}],"about":[{"href":"https:\/\/micromagic-rc-segeln.de\/index.php?rest_route=\/wp\/v2\/types\/page"}],"author":[{"embeddable":true,"href":"https:\/\/micromagic-rc-segeln.de\/index.php?rest_route=\/wp\/v2\/users\/1"}],"replies":[{"embeddable":true,"href":"https:\/\/micromagic-rc-segeln.de\/index.php?rest_route=%2Fwp%2Fv2%2Fcomments&post=181"}],"version-history":[{"count":17,"href":"https:\/\/micromagic-rc-segeln.de\/index.php?rest_route=\/wp\/v2\/pages\/181\/revisions"}],"predecessor-version":[{"id":2408,"href":"https:\/\/micromagic-rc-segeln.de\/index.php?rest_route=\/wp\/v2\/pages\/181\/revisions\/2408"}],"up":[{"embeddable":true,"href":"https:\/\/micromagic-rc-segeln.de\/index.php?rest_route=\/wp\/v2\/pages\/59"}],"wp:attachment":[{"href":"https:\/\/micromagic-rc-segeln.de\/index.php?rest_route=%2Fwp%2Fv2%2Fmedia&parent=181"}],"curies":[{"name":"wp","href":"https:\/\/api.w.org\/{rel}","templated":true}]}}