{"id":1180,"date":"2018-12-26T20:07:41","date_gmt":"2018-12-26T19:07:41","guid":{"rendered":"https:\/\/micromagic-rc-segeln.de\/?page_id=1180"},"modified":"2022-02-17T14:37:44","modified_gmt":"2022-02-17T13:37:44","slug":"regattamaterial","status":"publish","type":"page","link":"https:\/\/micromagic-rc-segeln.de\/?page_id=1180","title":{"rendered":"Regattamaterial"},"content":{"rendered":"<p>Die Informationen und Unterlagen auf dieser Seite sollen euch helfen, selbst eine Regatta zu organisieren und auszurichten. Unter Ber\u00fccksichtigung der bewusst einfach gehaltenen <a href=\"https:\/\/micromagic-rc-segeln.de\/?page_id=153\">Boots- und Segelregeln<\/a> und der <a href=\"https:\/\/micromagic-rc-segeln.de\/?page_id=1062\">Ranglistenregeln<\/a> kann jeder eine Regatta f\u00fcr die Micro Magic ausschreiben und durchf\u00fchren. Auf dieser Seite findet ihr die notwendigen Materialien, wie einen grunds\u00e4tzlichen Leitfaden, Tipps und Tricks, Ergebnislisten und eine Excel-Tabelle zur Regattaauswertung am PC. Ansonsten ben\u00f6tigt ihr nur noch ein Revier zum Segeln und ein paar Bahnmarken oder Bojen um die ihr herumsegeln k\u00f6nnt.<\/p>\n<p><img loading=\"lazy\" decoding=\"async\" class=\"alignnone size-full wp-image-2606\" src=\"https:\/\/micromagic-rc-segeln.de\/wp-content\/uploads\/2021\/02\/MM_Regatta_Start.jpg\" alt=\"\" width=\"1920\" height=\"1101\" srcset=\"https:\/\/micromagic-rc-segeln.de\/wp-content\/uploads\/2021\/02\/MM_Regatta_Start.jpg 1920w, https:\/\/micromagic-rc-segeln.de\/wp-content\/uploads\/2021\/02\/MM_Regatta_Start-300x172.jpg 300w, https:\/\/micromagic-rc-segeln.de\/wp-content\/uploads\/2021\/02\/MM_Regatta_Start-1024x587.jpg 1024w, https:\/\/micromagic-rc-segeln.de\/wp-content\/uploads\/2021\/02\/MM_Regatta_Start-768x440.jpg 768w, https:\/\/micromagic-rc-segeln.de\/wp-content\/uploads\/2021\/02\/MM_Regatta_Start-1536x881.jpg 1536w, https:\/\/micromagic-rc-segeln.de\/wp-content\/uploads\/2021\/02\/MM_Regatta_Start-500x287.jpg 500w\" sizes=\"auto, (max-width: 1920px) 100vw, 1920px\" \/><\/p>\n<p>Allgemeine Informationen:<\/p>\n<table style=\"border-collapse: collapse; width: 100%;\" border=\"1\">\n<tbody>\n<tr>\n<td style=\"width: 409px; text-align: left; vertical-align: top;\"><strong>Regatta machen<\/strong><br \/>\nAllgemeine Informationen zur Organisation<br \/>\nvon Micro Magic Regatten (.<span style=\"font-size: 12px;\">PDF)<\/span><\/td>\n<td style=\"width: 155px; text-align: left; vertical-align: top;\"><a href=\"https:\/\/micromagic-rc-segeln.de\/wp-content\/uploads\/2018\/12\/Regatten_machen.pdf\" target=\"_blank\" rel=\"noopener noreferrer\"><img loading=\"lazy\" decoding=\"async\" class=\"alignnone size-full wp-image-1184\" src=\"https:\/\/micromagic-rc-segeln.de\/wp-content\/uploads\/2018\/12\/thumb_regatta_machen.jpg\" alt=\"\" width=\"124\" height=\"175\" \/><\/a><\/td>\n<\/tr>\n<tr>\n<td style=\"width: 409px; text-align: left; vertical-align: top;\"><strong>Regattaablauf-Tipps<\/strong><br \/>\nf\u00fcr Micro Magic Regatten (.PDF)<\/td>\n<td style=\"width: 155px; text-align: left; vertical-align: top;\"><a href=\"https:\/\/micromagic-rc-segeln.de\/wp-content\/uploads\/2018\/12\/Regattaablauf-Tipps_fuer_MM-Regatten.pdf\" target=\"_blank\" rel=\"noopener noreferrer\"><img loading=\"lazy\" decoding=\"async\" class=\"alignnone size-full wp-image-1189\" src=\"https:\/\/micromagic-rc-segeln.de\/wp-content\/uploads\/2018\/12\/thumb_regattaablauf-tipps_fuer_mm-regatten.jpg\" alt=\"\" width=\"124\" height=\"175\" \/><\/a><\/td>\n<\/tr>\n<tr>\n<td style=\"width: 409px; text-align: left; vertical-align: top;\"><strong>Ideen f\u00fcr m\u00f6gliche Kurse<br \/>\n<\/strong>f\u00fcr Micro Magic Regatten (.PDF)<\/td>\n<td style=\"width: 155px; text-align: left; vertical-align: top;\"><a href=\"https:\/\/micromagic-rc-segeln.de\/wp-content\/uploads\/2019\/01\/Regattakurse.pdf\"><img loading=\"lazy\" decoding=\"async\" class=\"alignnone size-full wp-image-1208\" src=\"https:\/\/micromagic-rc-segeln.de\/wp-content\/uploads\/2019\/01\/thumb_Regattakurse.jpg\" alt=\"\" width=\"175\" height=\"124\" \/><\/a><\/td>\n<\/tr>\n<\/tbody>\n<\/table>\n<p>Regattaausschreibung:<\/p>\n<table style=\"border-collapse: collapse; width: 100%;\" border=\"1\">\n<tbody>\n<tr>\n<td style=\"width: 409px; text-align: left; vertical-align: top;\"><strong>Vorlage f\u00fcr eine Regattaauschreibung<\/strong><br \/>\n<span style=\"font-size: 12px;\">f\u00fcr Micro Magic Regatten <\/span><br \/>\n<span style=\"font-size: 12px;\">(.DOCX) zum selbst Editieren<\/span><br \/>\n<span style=\"font-size: 12px;\">Version 1.1, Stand: 25.02.2021<\/span><\/td>\n<td style=\"width: 155px; text-align: left; vertical-align: top;\"><a href=\"https:\/\/micromagic-rc-segeln.de\/wp-content\/uploads\/2021\/02\/Vorlage_Ausschreibung-MM-RL-Regatta-V1.1.docx\"><img loading=\"lazy\" decoding=\"async\" class=\"alignnone wp-image-1786 size-full\" src=\"https:\/\/micromagic-rc-segeln.de\/wp-content\/uploads\/2019\/07\/thumb_Vorlage-Ausschreibung-MM-RL-Regatta.jpg\" alt=\"\" width=\"124\" height=\"175\" \/><\/a><\/td>\n<\/tr>\n<tr>\n<td style=\"width: 409px; text-align: left; vertical-align: top;\"><strong>Vorlage f\u00fcr eine Regattaauschreibung<\/strong><span style=\"font-size: 12px;\"><br \/>\nf\u00fcr Micro Magic Regatten (.DOCX) zum selbst Editieren\u00a0<\/span><br \/>\n<span style=\"font-size: 12px;\">Version 1.3, Stand: 21.08.2021<br \/>\ninkl. zus\u00e4tzlichem COVID-19-Hinweis<br \/>\n<\/span><\/td>\n<td style=\"width: 155px; text-align: left; vertical-align: top;\"><a href=\"https:\/\/micromagic-rc-segeln.de\/wp-content\/uploads\/2021\/08\/Vorlage_Ausschreibung-MM-RL-Regatta-V1.3-COVID-19-Hinweis.docx\"><img loading=\"lazy\" decoding=\"async\" class=\"alignnone wp-image-1786 size-full\" src=\"https:\/\/micromagic-rc-segeln.de\/wp-content\/uploads\/2019\/07\/thumb_Vorlage-Ausschreibung-MM-RL-Regatta.jpg\" alt=\"\" width=\"124\" height=\"175\" \/><\/a><\/td>\n<\/tr>\n<tr>\n<td style=\"width: 409px; text-align: left; vertical-align: top;\"><strong>COVID-19 Teilnehmerlise<\/strong><br \/>\n<span style=\"font-size: 12px;\">f\u00fcr Micro Magic Regatten (.PDF)<\/span><strong><br \/>\n<\/strong><span style=\"font-size: 12px;\">zur Erfassung der Teilnehmer gem. COVID-19-Hinweis<br \/>\nin der Auschreibung<\/span><strong><br \/>\n<\/strong><\/td>\n<td style=\"width: 155px; text-align: left; vertical-align: top;\"><a href=\"https:\/\/micromagic-rc-segeln.de\/wp-content\/uploads\/2021\/02\/MM-Regatta-COVID-19-Teilnehmerliste.pdf\"><img loading=\"lazy\" decoding=\"async\" class=\"alignnone wp-image-2790 size-thumbnail\" src=\"https:\/\/micromagic-rc-segeln.de\/wp-content\/uploads\/2021\/02\/thumb_COVID-19-Teilnehmerliste-150x123.jpg\" alt=\"\" width=\"150\" height=\"123\" \/><\/a><\/td>\n<\/tr>\n<\/tbody>\n<\/table>\n<p>Regattaauswertung:<\/p>\n<table style=\"border-collapse: collapse; width: 100%;\" border=\"1\">\n<tbody>\n<tr>\n<td style=\"width: 409px; text-align: left; vertical-align: top;\"><strong>Tabelle zur Protokollierung des Zieleinlaufs (DIN A4)<\/strong><br \/>\nf\u00fcr max. 20 L\u00e4ufe und 20 Teilnehmer (.PDF)<\/td>\n<td style=\"width: 155px; text-align: left; vertical-align: top;\"><a href=\"https:\/\/micromagic-rc-segeln.de\/wp-content\/uploads\/2019\/01\/MM-Regatta_Laufprotokoll_DINA4.pdf\"><img loading=\"lazy\" decoding=\"async\" class=\"alignnone size-full wp-image-1204\" src=\"https:\/\/micromagic-rc-segeln.de\/wp-content\/uploads\/2019\/01\/thumb_MM-Regatta_Laufprotokoll_DINA4.jpg\" alt=\"\" width=\"175\" height=\"124\" \/><\/a><\/td>\n<\/tr>\n<tr>\n<td style=\"width: 409px; text-align: left; vertical-align: top;\"><strong>Tabelle zur Protokollierung des Zieleinlaufs (DIN A3)<\/strong><br \/>\nf\u00fcr max. 20 L\u00e4ufe und 20 Teilnehmer (.PDF)<\/td>\n<td style=\"width: 155px; text-align: left; vertical-align: top;\"><a href=\"https:\/\/micromagic-rc-segeln.de\/wp-content\/uploads\/2019\/01\/MM-Regatta_Laufprotokoll_DINA3.pdf\"><img loading=\"lazy\" decoding=\"async\" class=\"alignnone size-full wp-image-1204\" src=\"https:\/\/micromagic-rc-segeln.de\/wp-content\/uploads\/2019\/01\/thumb_MM-Regatta_Laufprotokoll_DINA4.jpg\" alt=\"\" width=\"175\" height=\"124\" \/><\/a><\/td>\n<\/tr>\n<tr>\n<td style=\"width: 409px; text-align: left; vertical-align: top;\"><strong>Regattaauswertung in Excel<br \/>\n<\/strong>f\u00fcr max. 20 L\u00e4ufe und 30 Teilnehmer (.PDF)<\/td>\n<td style=\"width: 155px; text-align: left; vertical-align: top;\"><a href=\"https:\/\/micromagic-rc-segeln.de\/wp-content\/uploads\/2019\/03\/regattaauswertung-low-point-system-v42.xls\"><img loading=\"lazy\" decoding=\"async\" class=\"alignnone size-full wp-image-1249\" src=\"https:\/\/micromagic-rc-segeln.de\/wp-content\/uploads\/2019\/03\/thumb_rregattaauswertung-low-point-system-v42.jpg\" alt=\"\" width=\"175\" height=\"103\" \/><\/a><\/td>\n<\/tr>\n<\/tbody>\n<\/table>\n<p>Startansagen:<\/p>\n<table style=\"width: 100%; height: 106px;\" border=\"1\">\n<tbody>\n<tr style=\"height: 58px;\">\n<td style=\"width: 72.0891%; height: 58px; vertical-align: top;\"><strong>1 Minute Startsqeuenz<\/strong><br \/>\ndeutsch (.MP3)<span style=\"font-size: 12px;\">Nach dem Startsignal sind 30 Mininuten &#8222;Stille&#8220; angef\u00fcgt, so dass das Abspielen der Startansage nach dem Start nicht beendet werden muss.<\/span><\/td>\n<td style=\"width: 27.9109%; height: 58px;\"><a href=\"https:\/\/micromagic-rc-segeln.de\/wp-content\/uploads\/2022\/02\/MM_Startansage_1_Minute.mp3\" target=\"_blank\" rel=\"noopener\" download=\"download\"><img loading=\"lazy\" decoding=\"async\" class=\"alignnone wp-image-3769\" src=\"https:\/\/micromagic-rc-segeln.de\/wp-content\/uploads\/2022\/02\/Timer_1_Minute.jpg\" alt=\"\" width=\"125\" height=\"125\" srcset=\"https:\/\/micromagic-rc-segeln.de\/wp-content\/uploads\/2022\/02\/Timer_1_Minute.jpg 200w, https:\/\/micromagic-rc-segeln.de\/wp-content\/uploads\/2022\/02\/Timer_1_Minute-150x150.jpg 150w\" sizes=\"auto, (max-width: 125px) 100vw, 125px\" \/><\/a><\/td>\n<\/tr>\n<tr style=\"height: 48px;\">\n<td style=\"width: 72.0891%; height: 48px; vertical-align: top;\"><strong>2 Minuten Startsequenz<\/strong><br \/>\ndeutsch (.MP3)<span style=\"font-size: 12px;\">Nach dem Startsignal sind 30 Mininuten &#8222;Stille&#8220; angef\u00fcgt, so dass das Abspielen der Startansage nach dem Start nicht beendet werden muss<\/span><\/td>\n<td style=\"width: 27.9109%; height: 48px;\"><a href=\"https:\/\/micromagic-rc-segeln.de\/wp-content\/uploads\/2022\/02\/MM_Startansage_2_Minuten.mp3\" target=\"_blank\" rel=\"noopener\" download=\"download\"><img loading=\"lazy\" decoding=\"async\" class=\"alignnone wp-image-3768\" src=\"https:\/\/micromagic-rc-segeln.de\/wp-content\/uploads\/2022\/02\/Timer_2_Minuten.jpg\" alt=\"\" width=\"125\" height=\"125\" srcset=\"https:\/\/micromagic-rc-segeln.de\/wp-content\/uploads\/2022\/02\/Timer_2_Minuten.jpg 200w, https:\/\/micromagic-rc-segeln.de\/wp-content\/uploads\/2022\/02\/Timer_2_Minuten-150x150.jpg 150w\" sizes=\"auto, (max-width: 125px) 100vw, 125px\" \/><\/a><\/td>\n<\/tr>\n<\/tbody>\n<\/table>\n<p>&nbsp;<\/p>\n","protected":false},"excerpt":{"rendered":"<p>Die Informationen und Unterlagen auf dieser Seite sollen euch helfen, selbst eine Regatta zu organisieren und auszurichten. Unter Ber\u00fccksichtigung der bewusst einfach gehaltenen Boots- und Segelregeln und der Ranglistenregeln kann jeder eine Regatta f\u00fcr die Micro Magic ausschreiben und durchf\u00fchren. &hellip; <a href=\"https:\/\/micromagic-rc-segeln.de\/?page_id=1180\">Weiterlesen <span class=\"meta-nav\">&rarr;<\/span><\/a><\/p>\n","protected":false},"author":4,"featured_media":0,"parent":0,"menu_order":0,"comment_status":"closed","ping_status":"closed","template":"","meta":{"footnotes":""},"class_list":["post-1180","page","type-page","status-publish","hentry"],"_links":{"self":[{"href":"https:\/\/micromagic-rc-segeln.de\/index.php?rest_route=\/wp\/v2\/pages\/1180","targetHints":{"allow":["GET"]}}],"collection":[{"href":"https:\/\/micromagic-rc-segeln.de\/index.php?rest_route=\/wp\/v2\/pages"}],"about":[{"href":"https:\/\/micromagic-rc-segeln.de\/index.php?rest_route=\/wp\/v2\/types\/page"}],"author":[{"embeddable":true,"href":"https:\/\/micromagic-rc-segeln.de\/index.php?rest_route=\/wp\/v2\/users\/4"}],"replies":[{"embeddable":true,"href":"https:\/\/micromagic-rc-segeln.de\/index.php?rest_route=%2Fwp%2Fv2%2Fcomments&post=1180"}],"version-history":[{"count":35,"href":"https:\/\/micromagic-rc-segeln.de\/index.php?rest_route=\/wp\/v2\/pages\/1180\/revisions"}],"predecessor-version":[{"id":3779,"href":"https:\/\/micromagic-rc-segeln.de\/index.php?rest_route=\/wp\/v2\/pages\/1180\/revisions\/3779"}],"wp:attachment":[{"href":"https:\/\/micromagic-rc-segeln.de\/index.php?rest_route=%2Fwp%2Fv2%2Fmedia&parent=1180"}],"curies":[{"name":"wp","href":"https:\/\/api.w.org\/{rel}","templated":true}]}}