{"id":1068,"date":"2018-09-09T20:17:05","date_gmt":"2018-09-09T18:17:05","guid":{"rendered":"https:\/\/micromagic-rc-segeln.de\/?page_id=1068"},"modified":"2021-02-23T12:05:31","modified_gmt":"2021-02-23T11:05:31","slug":"segelnummern","status":"publish","type":"page","link":"https:\/\/micromagic-rc-segeln.de\/?page_id=1068","title":{"rendered":"Segelnummern"},"content":{"rendered":"<p>F\u00fcr die Teilnahme an Regatten sollte deine Micro Magic eine eindeutige Kennzeichnung durch eine Segelnummer aufweisen, um die Zuordnung auf dem Wasser und bei der Ergebniserfassung zu erleichtern.<\/p>\n<p><img loading=\"lazy\" decoding=\"async\" class=\"alignnone size-full wp-image-2602\" src=\"https:\/\/micromagic-rc-segeln.de\/wp-content\/uploads\/2021\/02\/MM_Segelnummer_GER2788.jpg\" alt=\"\" width=\"915\" height=\"915\" srcset=\"https:\/\/micromagic-rc-segeln.de\/wp-content\/uploads\/2021\/02\/MM_Segelnummer_GER2788.jpg 915w, https:\/\/micromagic-rc-segeln.de\/wp-content\/uploads\/2021\/02\/MM_Segelnummer_GER2788-300x300.jpg 300w, https:\/\/micromagic-rc-segeln.de\/wp-content\/uploads\/2021\/02\/MM_Segelnummer_GER2788-150x150.jpg 150w, https:\/\/micromagic-rc-segeln.de\/wp-content\/uploads\/2021\/02\/MM_Segelnummer_GER2788-768x768.jpg 768w\" sizes=\"auto, (max-width: 915px) 100vw, 915px\" \/><\/p>\n<p>Wenn m\u00f6glich, solltest du eine, wie bei den gro\u00dfen Booten \u00fcblich, rein numerische Segelnummer w\u00e4hlen. Dies vereinfacht die Auswertung bei Regatten.<br \/>\nGrunds\u00e4tzlich sind aber auch fiktive alphanumerische Segelnummern erlaubt.<\/p>\n<p>Zur Verwaltung der Segelnummern f\u00fchren wir eine Liste der vergebenen Segelnummern, die du im internen Bereich des Forums einsehen kannst. Aus Gr\u00fcnden des Datenschutzes \u00a0ist diese Liste nicht \u00f6ffentlich verf\u00fcgbar.<\/p>\n<p>F\u00fcr die eindeutige Ordnung deiner Segelnummer ben\u00f6tigen wir die folgenden Angaben:<\/p>\n<ul>\n<li>Nachname, Vorname<\/li>\n<li>Wohnort<\/li>\n<li>E-Mail-Adresse und \/ oder Telefonnummer<br \/>\nf\u00fcr eine ggf. erforderliche Kontaktaufnahme<\/li>\n<li>gew\u00fcnschte Segelnummer<\/li>\n<\/ul>\n<p>Nutze zur Beantragung einer Segelnummer einfach das u. a. <a href=\"#Kontaktformular\">Kontaktformular<\/a>.<\/p>\n<p>Habe bei der Bearbeitung deiner Anfrage bitte etwas Geduld. Die Verwaltung der Segelnummern erfolgt auch nur ehrenamtlich und daher kann eine umgehende Bearbeitung deine Registrierung nicht immer garantiert werden.<\/p>\n<p>Hier findest du noch einige Hinweise zum Anbringen der Segelnummer in deinem Segel:<\/p>\n<table style=\"border-collapse: collapse; width: 100%;\" border=\"1\">\n<tbody>\n<tr>\n<td style=\"width: 71.74657534246576%; text-align: left; vertical-align: top;\">Vorschl\u00e4ge f\u00fcr Position und Ausf\u00fchrung von<br \/>\nMicro Magic Segelkennzeichen<\/td>\n<td style=\"width: 28.253424657534246%; text-align: left; vertical-align: top;\"><a href=\"https:\/\/micromagic-rc-segeln.de\/wp-content\/uploads\/2018\/09\/positionen-segelnummern.pdf\"><img loading=\"lazy\" decoding=\"async\" class=\"alignnone wp-image-1074\" src=\"https:\/\/micromagic-rc-segeln.de\/wp-content\/uploads\/2018\/09\/thumb_positionen-segelnummern.jpg\" alt=\"\" width=\"175\" height=\"124\" \/><\/a><\/td>\n<\/tr>\n<\/tbody>\n<\/table>\n<p><a href=\"https:\/\/www.folien-arbeiter.de\/Segelnummern:::55.html\" target=\"_blank\" rel=\"noopener\">Segelnummern f\u00fcr die Micro Magic<\/a> k\u00f6nnt ihr bei <a href=\"https:\/\/www.folien-arbeiter.de\" target=\"_blank\" rel=\"noopener\">Folien-Arbeiter.de<\/a> bestellen.<\/p>\n<p><strong><a id=\"Kontaktformular\"><\/a>Segelnummer beantragen:<\/strong><br \/>\n\n<div class=\"wpcf7 no-js\" id=\"wpcf7-f2712-o1\" lang=\"de-DE\" dir=\"ltr\" data-wpcf7-id=\"2712\">\n<div class=\"screen-reader-response\"><p role=\"status\" aria-live=\"polite\" aria-atomic=\"true\"><\/p> <ul><\/ul><\/div>\n<form action=\"\/index.php?rest_route=%2Fwp%2Fv2%2Fpages%2F1068#wpcf7-f2712-o1\" method=\"post\" class=\"wpcf7-form init\" aria-label=\"Kontaktformular\" novalidate=\"novalidate\" data-status=\"init\">\n<fieldset class=\"hidden-fields-container\"><input type=\"hidden\" name=\"_wpcf7\" value=\"2712\" \/><input type=\"hidden\" name=\"_wpcf7_version\" value=\"6.1.5\" \/><input type=\"hidden\" name=\"_wpcf7_locale\" value=\"de_DE\" \/><input type=\"hidden\" name=\"_wpcf7_unit_tag\" value=\"wpcf7-f2712-o1\" \/><input type=\"hidden\" name=\"_wpcf7_container_post\" value=\"0\" \/><input type=\"hidden\" name=\"_wpcf7_posted_data_hash\" value=\"\" \/><input type=\"hidden\" name=\"_wpcf7_recaptcha_response\" value=\"\" \/>\n<\/fieldset>\n<p><label> Nachname:<br \/>\n<span class=\"wpcf7-form-control-wrap\" data-name=\"Nachname\"><input size=\"40\" maxlength=\"400\" class=\"wpcf7-form-control wpcf7-text wpcf7-validates-as-required\" aria-required=\"true\" aria-invalid=\"false\" value=\"\" type=\"text\" name=\"Nachname\" \/><\/span> <\/label>\n<\/p>\n<p><label> Vorname:<br \/>\n<span class=\"wpcf7-form-control-wrap\" data-name=\"Vorname\"><input size=\"40\" maxlength=\"400\" class=\"wpcf7-form-control wpcf7-text wpcf7-validates-as-required\" aria-required=\"true\" aria-invalid=\"false\" value=\"\" type=\"text\" name=\"Vorname\" \/><\/span> <\/label>\n<\/p>\n<p><label> Wohnort:<br \/>\n<span class=\"wpcf7-form-control-wrap\" data-name=\"Wohnort\"><input size=\"40\" maxlength=\"400\" class=\"wpcf7-form-control wpcf7-text wpcf7-validates-as-required\" aria-required=\"true\" aria-invalid=\"false\" value=\"\" type=\"text\" name=\"Wohnort\" \/><\/span> <\/label>\n<\/p>\n<p><label> E-Mail-Adresse:<br \/>\n<span class=\"wpcf7-form-control-wrap\" data-name=\"E-Mail\"><input size=\"40\" maxlength=\"400\" class=\"wpcf7-form-control wpcf7-email wpcf7-validates-as-required wpcf7-text wpcf7-validates-as-email\" aria-required=\"true\" aria-invalid=\"false\" value=\"\" type=\"email\" name=\"E-Mail\" \/><\/span> <\/label>\n<\/p>\n<p><label> Telefon (optional):<br \/>\n<span class=\"wpcf7-form-control-wrap\" data-name=\"Telefonnummer\"><input size=\"40\" maxlength=\"400\" class=\"wpcf7-form-control wpcf7-tel wpcf7-text wpcf7-validates-as-tel\" aria-invalid=\"false\" value=\"\" type=\"tel\" name=\"Telefonnummer\" \/><\/span> <\/label>\n<\/p>\n<p><label> Nutzername im Forum:<br \/>\n<span class=\"wpcf7-form-control-wrap\" data-name=\"Nutzername\"><input size=\"40\" maxlength=\"400\" class=\"wpcf7-form-control wpcf7-text\" aria-invalid=\"false\" value=\"\" type=\"text\" name=\"Nutzername\" \/><\/span> <\/label>\n<\/p>\n<p><label> gew\u00fcnschte Segelnummer:<br \/>\n<span class=\"wpcf7-form-control-wrap\" data-name=\"Segelnummer\"><input size=\"40\" maxlength=\"400\" class=\"wpcf7-form-control wpcf7-text wpcf7-validates-as-required\" aria-required=\"true\" aria-invalid=\"false\" value=\"\" type=\"text\" name=\"Segelnummer\" \/><\/span> <\/label>\n<\/p>\n<p><label>Nachricht (optional):<br \/>\n<span class=\"wpcf7-form-control-wrap\" data-name=\"Nachricht\"><textarea cols=\"40\" rows=\"10\" maxlength=\"2000\" class=\"wpcf7-form-control wpcf7-textarea\" aria-invalid=\"false\" name=\"Nachricht\"><\/textarea><\/span> <\/label>\n<\/p>\n<p><input class=\"wpcf7-form-control wpcf7-submit has-spinner\" type=\"submit\" value=\"Segelnummer beantragen\" \/>\n<\/p><div class=\"wpcf7-response-output\" aria-hidden=\"true\"><\/div>\n<\/form>\n<\/div>\n<\/p>\n","protected":false},"excerpt":{"rendered":"<p>F\u00fcr die Teilnahme an Regatten sollte deine Micro Magic eine eindeutige Kennzeichnung durch eine Segelnummer aufweisen, um die Zuordnung auf dem Wasser und bei der Ergebniserfassung zu erleichtern. Wenn m\u00f6glich, solltest du eine, wie bei den gro\u00dfen Booten \u00fcblich, rein &hellip; <a href=\"https:\/\/micromagic-rc-segeln.de\/?page_id=1068\">Weiterlesen <span class=\"meta-nav\">&rarr;<\/span><\/a><\/p>\n","protected":false},"author":4,"featured_media":0,"parent":0,"menu_order":0,"comment_status":"closed","ping_status":"closed","template":"","meta":{"footnotes":""},"class_list":["post-1068","page","type-page","status-publish","hentry"],"_links":{"self":[{"href":"https:\/\/micromagic-rc-segeln.de\/index.php?rest_route=\/wp\/v2\/pages\/1068","targetHints":{"allow":["GET"]}}],"collection":[{"href":"https:\/\/micromagic-rc-segeln.de\/index.php?rest_route=\/wp\/v2\/pages"}],"about":[{"href":"https:\/\/micromagic-rc-segeln.de\/index.php?rest_route=\/wp\/v2\/types\/page"}],"author":[{"embeddable":true,"href":"https:\/\/micromagic-rc-segeln.de\/index.php?rest_route=\/wp\/v2\/users\/4"}],"replies":[{"embeddable":true,"href":"https:\/\/micromagic-rc-segeln.de\/index.php?rest_route=%2Fwp%2Fv2%2Fcomments&post=1068"}],"version-history":[{"count":16,"href":"https:\/\/micromagic-rc-segeln.de\/index.php?rest_route=\/wp\/v2\/pages\/1068\/revisions"}],"predecessor-version":[{"id":2715,"href":"https:\/\/micromagic-rc-segeln.de\/index.php?rest_route=\/wp\/v2\/pages\/1068\/revisions\/2715"}],"wp:attachment":[{"href":"https:\/\/micromagic-rc-segeln.de\/index.php?rest_route=%2Fwp%2Fv2%2Fmedia&parent=1068"}],"curies":[{"name":"wp","href":"https:\/\/api.w.org\/{rel}","templated":true}]}}